{"id":2559,"date":"2023-03-19T19:00:05","date_gmt":"2023-03-19T18:00:05","guid":{"rendered":"https:\/\/france-empires.com\/?post_type=product&#038;p=2559"},"modified":"2023-10-25T19:37:59","modified_gmt":"2023-10-25T17:37:59","slug":"5-medailles-14-18","status":"publish","type":"product","link":"https:\/\/france-empires.com\/index.php\/produit\/5-medailles-14-18\/","title":{"rendered":"5 m\u00e9dailles 14-18"},"content":{"rendered":"<p>Ces m\u00e9dailles sont proprement mont\u00e9es sur un support ovale recouvert de velours:<\/p>\n<ul>\n<li>m\u00e9daille comm\u00e9morative de la Grande Guerre<\/li>\n<li>croix de guerre<\/li>\n<li>m\u00e9daille militaire<\/li>\n<li>m\u00e9daille de Verdun<\/li>\n<li>croix du combattant<\/li>\n<\/ul>\n<p>L&rsquo;ensemble est de belle qualit\u00e9 mais malheureusement anonyme.<\/p>\n","protected":false},"excerpt":{"rendered":"<p>Ces m\u00e9dailles sont proprement mont\u00e9es sur un support ovale recouvert de velours: m\u00e9daille comm\u00e9morative de la Grande Guerre croix de guerre m\u00e9daille militaire m\u00e9daille de Verdun croix du combattant L&rsquo;ensemble est de belle qualit\u00e9 mais malheureusement anonyme.<\/p>\n","protected":false},"featured_media":2560,"template":"","meta":[],"product_brand":[],"product_cat":[23,42],"product_tag":[],"class_list":{"0":"post-2559","1":"product","2":"type-product","3":"status-publish","4":"has-post-thumbnail","6":"product_cat-medailles-et-decorations","7":"product_cat-militaires","8":"pa_statut-vendu","10":"first","11":"outofstock","12":"product-type-simple"},"_links":{"self":[{"href":"https:\/\/france-empires.com\/index.php\/wp-json\/wp\/v2\/product\/2559","targetHints":{"allow":["GET"]}}],"collection":[{"href":"https:\/\/france-empires.com\/index.php\/wp-json\/wp\/v2\/product"}],"about":[{"href":"https:\/\/france-empires.com\/index.php\/wp-json\/wp\/v2\/types\/product"}],"wp:featuredmedia":[{"embeddable":true,"href":"https:\/\/france-empires.com\/index.php\/wp-json\/wp\/v2\/media\/2560"}],"wp:attachment":[{"href":"https:\/\/france-empires.com\/index.php\/wp-json\/wp\/v2\/media?parent=2559"}],"wp:term":[{"taxonomy":"product_brand","embeddable":true,"href":"https:\/\/france-empires.com\/index.php\/wp-json\/wp\/v2\/product_brand?post=2559"},{"taxonomy":"product_cat","embeddable":true,"href":"https:\/\/france-empires.com\/index.php\/wp-json\/wp\/v2\/product_cat?post=2559"},{"taxonomy":"product_tag","embeddable":true,"href":"https:\/\/france-empires.com\/index.php\/wp-json\/wp\/v2\/product_tag?post=2559"}],"curies":[{"name":"wp","href":"https:\/\/api.w.org\/{rel}","templated":true}]}}