{"id":2576,"date":"2023-03-19T19:00:03","date_gmt":"2023-03-19T18:00:03","guid":{"rendered":"https:\/\/france-empires.com\/?post_type=product&#038;p=2576"},"modified":"2025-04-28T23:28:22","modified_gmt":"2025-04-28T21:28:22","slug":"lot-de-boutons-suede","status":"publish","type":"product","link":"https:\/\/france-empires.com\/index.php\/produit\/lot-de-boutons-suede\/","title":{"rendered":"Lot de boutons SUEDE"},"content":{"rendered":"<p>Boutons de belle facture.<\/p>\n<p>Monogramme \u00ab\u00a0E\u00a0\u00bb<\/p>\n<p>Fabrication C.C. SPORRONG &amp; CO STOCKHOLM &#8211; 30 mm<\/p>\n<p>Parfait \u00e9tat. Nous pensons qu&rsquo;ils sont du milieu 19e mais sans certitude.<\/p>\n<p>Possibilit\u00e9 de vente a l&rsquo;unit\u00e9, nous consulter<\/p>\n","protected":false},"excerpt":{"rendered":"<p>Boutons de belle facture. Monogramme \u00ab\u00a0E\u00a0\u00bb Fabrication C.C. SPORRONG &amp; CO STOCKHOLM &#8211; 30 mm Parfait \u00e9tat. Nous pensons qu&rsquo;ils sont du milieu 19e mais sans certitude. Possibilit\u00e9 de vente a l&rsquo;unit\u00e9, nous consulter<\/p>\n","protected":false},"featured_media":2566,"template":"","meta":[],"product_brand":[],"product_cat":[28],"product_tag":[],"class_list":{"0":"post-2576","1":"product","2":"type-product","3":"status-publish","4":"has-post-thumbnail","6":"product_cat-antiquites-et-autres-collections","8":"first","9":"instock","10":"taxable","11":"shipping-taxable","12":"product-type-simple"},"_links":{"self":[{"href":"https:\/\/france-empires.com\/index.php\/wp-json\/wp\/v2\/product\/2576","targetHints":{"allow":["GET"]}}],"collection":[{"href":"https:\/\/france-empires.com\/index.php\/wp-json\/wp\/v2\/product"}],"about":[{"href":"https:\/\/france-empires.com\/index.php\/wp-json\/wp\/v2\/types\/product"}],"wp:featuredmedia":[{"embeddable":true,"href":"https:\/\/france-empires.com\/index.php\/wp-json\/wp\/v2\/media\/2566"}],"wp:attachment":[{"href":"https:\/\/france-empires.com\/index.php\/wp-json\/wp\/v2\/media?parent=2576"}],"wp:term":[{"taxonomy":"product_brand","embeddable":true,"href":"https:\/\/france-empires.com\/index.php\/wp-json\/wp\/v2\/product_brand?post=2576"},{"taxonomy":"product_cat","embeddable":true,"href":"https:\/\/france-empires.com\/index.php\/wp-json\/wp\/v2\/product_cat?post=2576"},{"taxonomy":"product_tag","embeddable":true,"href":"https:\/\/france-empires.com\/index.php\/wp-json\/wp\/v2\/product_tag?post=2576"}],"curies":[{"name":"wp","href":"https:\/\/api.w.org\/{rel}","templated":true}]}}