{"id":2582,"date":"2023-03-19T19:00:05","date_gmt":"2023-03-19T18:00:05","guid":{"rendered":"https:\/\/france-empires.com\/?post_type=product&#038;p=2582"},"modified":"2023-04-04T22:29:30","modified_gmt":"2023-04-04T20:29:30","slug":"blouson-ike-35e-di-eto","status":"publish","type":"product","link":"https:\/\/france-empires.com\/index.php\/produit\/blouson-ike-35e-di-eto\/","title":{"rendered":"Blouson IKE 35e DI, ETO"},"content":{"rendered":"<p>Blouson mont\u00e9 d&rsquo;origine caporal<\/p>\n<p>Etiquette pr\u00e9sente mais illisible<\/p>\n<p>Bonne taille mannequin.<\/p>\n<p>&nbsp;<\/p>\n<p>D\u00e9p\u00f4t de particulier<\/p>\n","protected":false},"excerpt":{"rendered":"<p>Blouson mont\u00e9 d&rsquo;origine caporal Etiquette pr\u00e9sente mais illisible Bonne taille mannequin. &nbsp; D\u00e9p\u00f4t de particulier<\/p>\n","protected":false},"featured_media":2592,"template":"","meta":[],"product_brand":[],"product_cat":[47,24],"product_tag":[],"class_list":{"0":"post-2582","1":"product","2":"type-product","3":"status-publish","4":"has-post-thumbnail","6":"product_cat-uniformes-complets-et-elements-seuls","7":"product_cat-uniformes-et-coiffures","8":"pa_statut-vendu","10":"first","11":"outofstock","12":"product-type-simple"},"_links":{"self":[{"href":"https:\/\/france-empires.com\/index.php\/wp-json\/wp\/v2\/product\/2582","targetHints":{"allow":["GET"]}}],"collection":[{"href":"https:\/\/france-empires.com\/index.php\/wp-json\/wp\/v2\/product"}],"about":[{"href":"https:\/\/france-empires.com\/index.php\/wp-json\/wp\/v2\/types\/product"}],"wp:featuredmedia":[{"embeddable":true,"href":"https:\/\/france-empires.com\/index.php\/wp-json\/wp\/v2\/media\/2592"}],"wp:attachment":[{"href":"https:\/\/france-empires.com\/index.php\/wp-json\/wp\/v2\/media?parent=2582"}],"wp:term":[{"taxonomy":"product_brand","embeddable":true,"href":"https:\/\/france-empires.com\/index.php\/wp-json\/wp\/v2\/product_brand?post=2582"},{"taxonomy":"product_cat","embeddable":true,"href":"https:\/\/france-empires.com\/index.php\/wp-json\/wp\/v2\/product_cat?post=2582"},{"taxonomy":"product_tag","embeddable":true,"href":"https:\/\/france-empires.com\/index.php\/wp-json\/wp\/v2\/product_tag?post=2582"}],"curies":[{"name":"wp","href":"https:\/\/api.w.org\/{rel}","templated":true}]}}