{"id":2594,"date":"2023-03-19T19:00:12","date_gmt":"2023-03-19T18:00:12","guid":{"rendered":"https:\/\/france-empires.com\/?post_type=product&#038;p=2594"},"modified":"2024-05-16T22:29:42","modified_gmt":"2024-05-16T20:29:42","slug":"blouson-de-battledress-1942","status":"publish","type":"product","link":"https:\/\/france-empires.com\/index.php\/produit\/blouson-de-battledress-1942\/","title":{"rendered":"Blouson de battledress 1942"},"content":{"rendered":"<p>Blouson de Battle-Dress GB WW2 Pattern 37, de fabrication australienne pour les forces britanniques, \u00e9tiquette pr\u00e9sente, fab. code N88 dat\u00e9 1942, manche droite ab\u00eem\u00e9e sur sa base, bonne taille<\/p>\n<p>Une manche est abim\u00e9e (voir photo) sinon TBE.<\/p>\n<p>Bien marqu\u00e9 !<\/p>\n<p>&nbsp;<\/p>\n<p>D\u00e9p\u00f4t de particulier<\/p>\n","protected":false},"excerpt":{"rendered":"<p>Blouson de Battle-Dress GB WW2 Pattern 37, de fabrication australienne pour les forces britanniques, \u00e9tiquette pr\u00e9sente, fab. code N88 dat\u00e9 1942, manche droite ab\u00eem\u00e9e sur sa base, bonne taille Une manche est abim\u00e9e (voir photo) sinon TBE. Bien marqu\u00e9 ! &nbsp; D\u00e9p\u00f4t de particulier<\/p>\n","protected":false},"featured_media":2596,"template":"","meta":[],"product_brand":[],"product_cat":[47,24],"product_tag":[],"class_list":{"0":"post-2594","1":"product","2":"type-product","3":"status-publish","4":"has-post-thumbnail","6":"product_cat-uniformes-complets-et-elements-seuls","7":"product_cat-uniformes-et-coiffures","8":"pa_statut-vendu","10":"first","11":"outofstock","12":"product-type-simple"},"_links":{"self":[{"href":"https:\/\/france-empires.com\/index.php\/wp-json\/wp\/v2\/product\/2594","targetHints":{"allow":["GET"]}}],"collection":[{"href":"https:\/\/france-empires.com\/index.php\/wp-json\/wp\/v2\/product"}],"about":[{"href":"https:\/\/france-empires.com\/index.php\/wp-json\/wp\/v2\/types\/product"}],"wp:featuredmedia":[{"embeddable":true,"href":"https:\/\/france-empires.com\/index.php\/wp-json\/wp\/v2\/media\/2596"}],"wp:attachment":[{"href":"https:\/\/france-empires.com\/index.php\/wp-json\/wp\/v2\/media?parent=2594"}],"wp:term":[{"taxonomy":"product_brand","embeddable":true,"href":"https:\/\/france-empires.com\/index.php\/wp-json\/wp\/v2\/product_brand?post=2594"},{"taxonomy":"product_cat","embeddable":true,"href":"https:\/\/france-empires.com\/index.php\/wp-json\/wp\/v2\/product_cat?post=2594"},{"taxonomy":"product_tag","embeddable":true,"href":"https:\/\/france-empires.com\/index.php\/wp-json\/wp\/v2\/product_tag?post=2594"}],"curies":[{"name":"wp","href":"https:\/\/api.w.org\/{rel}","templated":true}]}}