{"id":2611,"date":"2023-03-19T19:00:47","date_gmt":"2023-03-19T18:00:47","guid":{"rendered":"https:\/\/france-empires.com\/?post_type=product&#038;p=2611"},"modified":"2024-05-16T23:07:38","modified_gmt":"2024-05-16T21:07:38","slug":"reichsmarine-kieler-kragen","status":"publish","type":"product","link":"https:\/\/france-empires.com\/index.php\/produit\/reichsmarine-kieler-kragen\/","title":{"rendered":"Reichsmarine \u00ab\u00a0Kieler Kragen\u00a0\u00bb"},"content":{"rendered":"<p>Bons col et cravate r\u00e9glos de la marine allemande 1eGM, encore utilis\u00e9s pendant le seconde.<\/p>\n<p>Le col est bien marqu\u00e9 et dat\u00e9 1917.<\/p>\n<p>Informations du marin brod\u00e9es en rouge sur le col<\/p>\n<p>Bel ensemble pas si simple a trouver !<\/p>\n<p>&nbsp;<\/p>\n<p>D\u00e9p\u00f4t de particulier<\/p>\n","protected":false},"excerpt":{"rendered":"<p>Bons col et cravate r\u00e9glos de la marine allemande 1eGM, encore utilis\u00e9s pendant le seconde. Le col est bien marqu\u00e9 et dat\u00e9 1917. Informations du marin brod\u00e9es en rouge sur le col Bel ensemble pas si simple a trouver ! &nbsp; D\u00e9p\u00f4t de particulier<\/p>\n","protected":false},"featured_media":2612,"template":"","meta":[],"product_brand":[],"product_cat":[50,49,24],"product_tag":[],"class_list":{"0":"post-2611","1":"product","2":"type-product","3":"status-publish","4":"has-post-thumbnail","6":"product_cat-autres-accessoires-et-pieces-detachees-duniformes","7":"product_cat-epaulettes-cordons-fourageres-et-aiguillettes","8":"product_cat-uniformes-et-coiffures","9":"pa_statut-vendu","11":"first","12":"outofstock","13":"product-type-simple"},"_links":{"self":[{"href":"https:\/\/france-empires.com\/index.php\/wp-json\/wp\/v2\/product\/2611","targetHints":{"allow":["GET"]}}],"collection":[{"href":"https:\/\/france-empires.com\/index.php\/wp-json\/wp\/v2\/product"}],"about":[{"href":"https:\/\/france-empires.com\/index.php\/wp-json\/wp\/v2\/types\/product"}],"wp:featuredmedia":[{"embeddable":true,"href":"https:\/\/france-empires.com\/index.php\/wp-json\/wp\/v2\/media\/2612"}],"wp:attachment":[{"href":"https:\/\/france-empires.com\/index.php\/wp-json\/wp\/v2\/media?parent=2611"}],"wp:term":[{"taxonomy":"product_brand","embeddable":true,"href":"https:\/\/france-empires.com\/index.php\/wp-json\/wp\/v2\/product_brand?post=2611"},{"taxonomy":"product_cat","embeddable":true,"href":"https:\/\/france-empires.com\/index.php\/wp-json\/wp\/v2\/product_cat?post=2611"},{"taxonomy":"product_tag","embeddable":true,"href":"https:\/\/france-empires.com\/index.php\/wp-json\/wp\/v2\/product_tag?post=2611"}],"curies":[{"name":"wp","href":"https:\/\/api.w.org\/{rel}","templated":true}]}}