{"id":2688,"date":"2023-03-28T15:22:51","date_gmt":"2023-03-28T13:22:51","guid":{"rendered":"https:\/\/france-empires.com\/?post_type=product&#038;p=2688"},"modified":"2023-04-28T21:55:56","modified_gmt":"2023-04-28T19:55:56","slug":"baio-ersatz-tout-metal","status":"publish","type":"product","link":"https:\/\/france-empires.com\/index.php\/produit\/baio-ersatz-tout-metal\/","title":{"rendered":"BAIO ersatz tout m\u00e9tal"},"content":{"rendered":"<p>Beau mod\u00e8le<\/p>\n<p>Peinture kaki en partie pr\u00e9sente<\/p>\n<p>Pas de marquage en dehors d&rsquo;un poin\u00e7on sur la lame<\/p>\n","protected":false},"excerpt":{"rendered":"<p>Beau mod\u00e8le Peinture kaki en partie pr\u00e9sente Pas de marquage en dehors d&rsquo;un poin\u00e7on sur la lame<\/p>\n","protected":false},"featured_media":2696,"template":"","meta":[],"product_brand":[],"product_cat":[84],"product_tag":[],"class_list":{"0":"post-2688","1":"product","2":"type-product","3":"status-publish","4":"has-post-thumbnail","6":"product_cat-baionnettes","7":"pa_statut-disponible","9":"first","10":"outofstock","11":"product-type-simple"},"_links":{"self":[{"href":"https:\/\/france-empires.com\/index.php\/wp-json\/wp\/v2\/product\/2688","targetHints":{"allow":["GET"]}}],"collection":[{"href":"https:\/\/france-empires.com\/index.php\/wp-json\/wp\/v2\/product"}],"about":[{"href":"https:\/\/france-empires.com\/index.php\/wp-json\/wp\/v2\/types\/product"}],"wp:featuredmedia":[{"embeddable":true,"href":"https:\/\/france-empires.com\/index.php\/wp-json\/wp\/v2\/media\/2696"}],"wp:attachment":[{"href":"https:\/\/france-empires.com\/index.php\/wp-json\/wp\/v2\/media?parent=2688"}],"wp:term":[{"taxonomy":"product_brand","embeddable":true,"href":"https:\/\/france-empires.com\/index.php\/wp-json\/wp\/v2\/product_brand?post=2688"},{"taxonomy":"product_cat","embeddable":true,"href":"https:\/\/france-empires.com\/index.php\/wp-json\/wp\/v2\/product_cat?post=2688"},{"taxonomy":"product_tag","embeddable":true,"href":"https:\/\/france-empires.com\/index.php\/wp-json\/wp\/v2\/product_tag?post=2688"}],"curies":[{"name":"wp","href":"https:\/\/api.w.org\/{rel}","templated":true}]}}