{"id":2716,"date":"2023-03-28T15:36:22","date_gmt":"2023-03-28T13:36:22","guid":{"rendered":"https:\/\/france-empires.com\/?post_type=product&#038;p=2716"},"modified":"2023-04-04T22:30:28","modified_gmt":"2023-04-04T20:30:28","slug":"porte-cartes-para-gb","status":"publish","type":"product","link":"https:\/\/france-empires.com\/index.php\/produit\/porte-cartes-para-gb\/","title":{"rendered":"Porte cartes para GB"},"content":{"rendered":"<p>Porte-cartes du mod\u00e8le souvent observ\u00e9 pour les parachutistes anglais.<\/p>\n<p>TBE g\u00e9n\u00e9ral et bien marqu\u00e9 1944<\/p>\n<p>Le cuir sur le haut est sectionn\u00e9.<\/p>\n<p>Bonne pi\u00e8ce m\u00e9ritant une petite restauration.<\/p>\n<p>&nbsp;<\/p>\n<p>D\u00e9p\u00f4t de particulier.<\/p>\n","protected":false},"excerpt":{"rendered":"<p>Porte-cartes du mod\u00e8le souvent observ\u00e9 pour les parachutistes anglais. TBE g\u00e9n\u00e9ral et bien marqu\u00e9 1944 Le cuir sur le haut est sectionn\u00e9. Bonne pi\u00e8ce m\u00e9ritant une petite restauration. &nbsp; D\u00e9p\u00f4t de particulier.<\/p>\n","protected":false},"featured_media":2717,"template":"","meta":[],"product_brand":[],"product_cat":[53,25,51],"product_tag":[],"class_list":{"0":"post-2716","1":"product","2":"type-product","3":"status-publish","4":"has-post-thumbnail","6":"product_cat-autres-equipements-individuels-et-collectifs","7":"product_cat-equipements","8":"product_cat-equipements-du-soldat-pour-le-combat-ceinturons-cartouchieres-sac-a-dos-etc","9":"pa_statut-vendu","11":"first","12":"outofstock","13":"product-type-simple"},"_links":{"self":[{"href":"https:\/\/france-empires.com\/index.php\/wp-json\/wp\/v2\/product\/2716","targetHints":{"allow":["GET"]}}],"collection":[{"href":"https:\/\/france-empires.com\/index.php\/wp-json\/wp\/v2\/product"}],"about":[{"href":"https:\/\/france-empires.com\/index.php\/wp-json\/wp\/v2\/types\/product"}],"wp:featuredmedia":[{"embeddable":true,"href":"https:\/\/france-empires.com\/index.php\/wp-json\/wp\/v2\/media\/2717"}],"wp:attachment":[{"href":"https:\/\/france-empires.com\/index.php\/wp-json\/wp\/v2\/media?parent=2716"}],"wp:term":[{"taxonomy":"product_brand","embeddable":true,"href":"https:\/\/france-empires.com\/index.php\/wp-json\/wp\/v2\/product_brand?post=2716"},{"taxonomy":"product_cat","embeddable":true,"href":"https:\/\/france-empires.com\/index.php\/wp-json\/wp\/v2\/product_cat?post=2716"},{"taxonomy":"product_tag","embeddable":true,"href":"https:\/\/france-empires.com\/index.php\/wp-json\/wp\/v2\/product_tag?post=2716"}],"curies":[{"name":"wp","href":"https:\/\/api.w.org\/{rel}","templated":true}]}}