{"id":2786,"date":"2023-03-28T22:22:35","date_gmt":"2023-03-28T20:22:35","guid":{"rendered":"https:\/\/france-empires.com\/?post_type=product&#038;p=2786"},"modified":"2023-05-18T19:04:18","modified_gmt":"2023-05-18T17:04:18","slug":"vareuse-drillich","status":"publish","type":"product","link":"https:\/\/france-empires.com\/index.php\/produit\/vareuse-drillich\/","title":{"rendered":"Vareuse Drillich"},"content":{"rendered":"<p>Cette vareuse a \u00e9t\u00e9 tr\u00e8s port\u00e9e.<\/p>\n<p>Elle comporte des r\u00e9parations dont une pi\u00e8ce de tissus rapport\u00e9e sur le bas d&rsquo;une manche.<\/p>\n<p>Les insignes originaux sont recousus.<\/p>\n<p>Bonne pr\u00e9sentation terrain n\u00e9anmoins.<\/p>\n<p>&nbsp;<\/p>\n<p>D\u00e9p\u00f4t de particulier.<\/p>\n","protected":false},"excerpt":{"rendered":"<p>Cette vareuse a \u00e9t\u00e9 tr\u00e8s port\u00e9e. Elle comporte des r\u00e9parations dont une pi\u00e8ce de tissus rapport\u00e9e sur le bas d&rsquo;une manche. Les insignes originaux sont recousus. Bonne pr\u00e9sentation terrain n\u00e9anmoins. &nbsp; D\u00e9p\u00f4t de particulier.<\/p>\n","protected":false},"featured_media":2787,"template":"","meta":[],"product_brand":[],"product_cat":[47,24],"product_tag":[],"class_list":{"0":"post-2786","1":"product","2":"type-product","3":"status-publish","4":"has-post-thumbnail","6":"product_cat-uniformes-complets-et-elements-seuls","7":"product_cat-uniformes-et-coiffures","8":"pa_statut-vendu","10":"first","11":"outofstock","12":"product-type-simple"},"_links":{"self":[{"href":"https:\/\/france-empires.com\/index.php\/wp-json\/wp\/v2\/product\/2786","targetHints":{"allow":["GET"]}}],"collection":[{"href":"https:\/\/france-empires.com\/index.php\/wp-json\/wp\/v2\/product"}],"about":[{"href":"https:\/\/france-empires.com\/index.php\/wp-json\/wp\/v2\/types\/product"}],"wp:featuredmedia":[{"embeddable":true,"href":"https:\/\/france-empires.com\/index.php\/wp-json\/wp\/v2\/media\/2787"}],"wp:attachment":[{"href":"https:\/\/france-empires.com\/index.php\/wp-json\/wp\/v2\/media?parent=2786"}],"wp:term":[{"taxonomy":"product_brand","embeddable":true,"href":"https:\/\/france-empires.com\/index.php\/wp-json\/wp\/v2\/product_brand?post=2786"},{"taxonomy":"product_cat","embeddable":true,"href":"https:\/\/france-empires.com\/index.php\/wp-json\/wp\/v2\/product_cat?post=2786"},{"taxonomy":"product_tag","embeddable":true,"href":"https:\/\/france-empires.com\/index.php\/wp-json\/wp\/v2\/product_tag?post=2786"}],"curies":[{"name":"wp","href":"https:\/\/api.w.org\/{rel}","templated":true}]}}