{"id":2799,"date":"2023-03-28T22:35:52","date_gmt":"2023-03-28T20:35:52","guid":{"rendered":"https:\/\/france-empires.com\/?post_type=product&#038;p=2799"},"modified":"2023-10-25T19:35:02","modified_gmt":"2023-10-25T17:35:02","slug":"tenue-troupe-kriegsmarine","status":"publish","type":"product","link":"https:\/\/france-empires.com\/index.php\/produit\/tenue-troupe-kriegsmarine\/","title":{"rendered":"Tenue Kriegsmarine Vareuse, chemise col et cravate, pantalon"},"content":{"rendered":"<div>Bel ensemble homog\u00e8ne KM<\/div>\n<div><\/div>\n<div>&#8211; Caban r\u00e9glementaire de la Kriegsmarine pour sous-officier, superbe jus, bonne taille mannequin. Les insignes sont mont\u00e9s d&rsquo;origine. Parfait pour monter un matelot en tenue de garde, BE\/TBE<\/div>\n<div>&#8211; Chemise blanche avec col + foulard noir de la Kriegsmarine ALL WW2, TBE<\/div>\n<div>&#8211; Pantalon<\/div>\n<div><\/div>\n<div>d\u00e9p\u00f4t de particulier.<\/div>\n","protected":false},"excerpt":{"rendered":"<p>Bel ensemble homog\u00e8ne KM &#8211; Caban r\u00e9glementaire de la Kriegsmarine pour sous-officier, superbe jus, bonne taille mannequin. Les insignes sont mont\u00e9s d&rsquo;origine. Parfait pour monter un matelot en tenue de garde, BE\/TBE &#8211; Chemise blanche avec col + foulard noir de la Kriegsmarine ALL WW2, TBE &#8211; Pantalon d\u00e9p\u00f4t de particulier.<\/p>\n","protected":false},"featured_media":2823,"template":"","meta":[],"product_brand":[],"product_cat":[47,24],"product_tag":[],"class_list":{"0":"post-2799","1":"product","2":"type-product","3":"status-publish","4":"has-post-thumbnail","6":"product_cat-uniformes-complets-et-elements-seuls","7":"product_cat-uniformes-et-coiffures","8":"pa_statut-vendu","10":"first","11":"outofstock","12":"product-type-simple"},"_links":{"self":[{"href":"https:\/\/france-empires.com\/index.php\/wp-json\/wp\/v2\/product\/2799","targetHints":{"allow":["GET"]}}],"collection":[{"href":"https:\/\/france-empires.com\/index.php\/wp-json\/wp\/v2\/product"}],"about":[{"href":"https:\/\/france-empires.com\/index.php\/wp-json\/wp\/v2\/types\/product"}],"wp:featuredmedia":[{"embeddable":true,"href":"https:\/\/france-empires.com\/index.php\/wp-json\/wp\/v2\/media\/2823"}],"wp:attachment":[{"href":"https:\/\/france-empires.com\/index.php\/wp-json\/wp\/v2\/media?parent=2799"}],"wp:term":[{"taxonomy":"product_brand","embeddable":true,"href":"https:\/\/france-empires.com\/index.php\/wp-json\/wp\/v2\/product_brand?post=2799"},{"taxonomy":"product_cat","embeddable":true,"href":"https:\/\/france-empires.com\/index.php\/wp-json\/wp\/v2\/product_cat?post=2799"},{"taxonomy":"product_tag","embeddable":true,"href":"https:\/\/france-empires.com\/index.php\/wp-json\/wp\/v2\/product_tag?post=2799"}],"curies":[{"name":"wp","href":"https:\/\/api.w.org\/{rel}","templated":true}]}}