{"id":2930,"date":"2023-03-28T23:31:20","date_gmt":"2023-03-28T21:31:20","guid":{"rendered":"https:\/\/france-empires.com\/?post_type=product&#038;p=2930"},"modified":"2024-02-19T22:14:50","modified_gmt":"2024-02-19T21:14:50","slug":"cavalerie-legere-modele-1882-et-dragonne-troupe-cuir-fauve","status":"publish","type":"product","link":"https:\/\/france-empires.com\/index.php\/produit\/cavalerie-legere-modele-1882-et-dragonne-troupe-cuir-fauve\/","title":{"rendered":"Cavalerie l\u00e9g\u00e8re mod\u00e8le 1882 et dragonne troupe cuir fauve"},"content":{"rendered":"<p>Sabre troupe tr\u00e8s sain, brut de trouvaille a nettoyer.<\/p>\n<p>Belle arme massive. Dragonne solide, souple et marqu\u00e9e.<\/p>\n<p>Bons marquages et poin\u00e7ons, Manufacture d&rsquo;Armes de Ch\u00e2tellerault, mai 1885, Cavalerie L\u00e9g\u00e8re Mod\u00e8le 1882<\/p>\n<p>Malgr\u00e9 le marquage, ces sabres ont \u00e9quip\u00e9 la cavalerie l\u00e9g\u00e8re et lourde.<\/p>\n","protected":false},"excerpt":{"rendered":"<p>Sabre troupe tr\u00e8s sain, brut de trouvaille a nettoyer. Belle arme massive. Dragonne solide, souple et marqu\u00e9e. Bons marquages et poin\u00e7ons, Manufacture d&rsquo;Armes de Ch\u00e2tellerault, mai 1885, Cavalerie L\u00e9g\u00e8re Mod\u00e8le 1882 Malgr\u00e9 le marquage, ces sabres ont \u00e9quip\u00e9 la cavalerie l\u00e9g\u00e8re et lourde.<\/p>\n","protected":false},"featured_media":2947,"template":"","meta":[],"product_brand":[],"product_cat":[76,77],"product_tag":[],"class_list":{"0":"post-2930","1":"product","2":"type-product","3":"status-publish","4":"has-post-thumbnail","6":"product_cat-armes-anciennes","7":"product_cat-sabres-et-epees","8":"pa_statut-vendu","10":"first","11":"outofstock","12":"product-type-simple"},"_links":{"self":[{"href":"https:\/\/france-empires.com\/index.php\/wp-json\/wp\/v2\/product\/2930","targetHints":{"allow":["GET"]}}],"collection":[{"href":"https:\/\/france-empires.com\/index.php\/wp-json\/wp\/v2\/product"}],"about":[{"href":"https:\/\/france-empires.com\/index.php\/wp-json\/wp\/v2\/types\/product"}],"wp:featuredmedia":[{"embeddable":true,"href":"https:\/\/france-empires.com\/index.php\/wp-json\/wp\/v2\/media\/2947"}],"wp:attachment":[{"href":"https:\/\/france-empires.com\/index.php\/wp-json\/wp\/v2\/media?parent=2930"}],"wp:term":[{"taxonomy":"product_brand","embeddable":true,"href":"https:\/\/france-empires.com\/index.php\/wp-json\/wp\/v2\/product_brand?post=2930"},{"taxonomy":"product_cat","embeddable":true,"href":"https:\/\/france-empires.com\/index.php\/wp-json\/wp\/v2\/product_cat?post=2930"},{"taxonomy":"product_tag","embeddable":true,"href":"https:\/\/france-empires.com\/index.php\/wp-json\/wp\/v2\/product_tag?post=2930"}],"curies":[{"name":"wp","href":"https:\/\/api.w.org\/{rel}","templated":true}]}}