{"id":2980,"date":"2023-03-28T23:51:27","date_gmt":"2023-03-28T21:51:27","guid":{"rendered":"https:\/\/france-empires.com\/?post_type=product&#038;p=2980"},"modified":"2023-12-23T11:55:14","modified_gmt":"2023-12-23T10:55:14","slug":"baio-lebel-modele-1886","status":"publish","type":"product","link":"https:\/\/france-empires.com\/index.php\/produit\/baio-lebel-modele-1886\/","title":{"rendered":"Baio Lebel mod\u00e8le 1886"},"content":{"rendered":"<p>Bonne ba\u00efonnette Lebel non modifi\u00e9e, dite \u00ab\u00a0Rosalie\u00a0\u00bb<\/p>\n<p>En TBE.<\/p>\n<p>&nbsp;<\/p>\n<p>D\u00e9p\u00f4t de particulier.<\/p>\n","protected":false},"excerpt":{"rendered":"<p>Bonne ba\u00efonnette Lebel non modifi\u00e9e, dite \u00ab\u00a0Rosalie\u00a0\u00bb En TBE. &nbsp; D\u00e9p\u00f4t de particulier.<\/p>\n","protected":false},"featured_media":2988,"template":"","meta":[],"product_brand":[],"product_cat":[76,84],"product_tag":[],"class_list":{"0":"post-2980","1":"product","2":"type-product","3":"status-publish","4":"has-post-thumbnail","6":"product_cat-armes-anciennes","7":"product_cat-baionnettes","8":"pa_statut-vendu","10":"first","11":"outofstock","12":"product-type-simple"},"_links":{"self":[{"href":"https:\/\/france-empires.com\/index.php\/wp-json\/wp\/v2\/product\/2980","targetHints":{"allow":["GET"]}}],"collection":[{"href":"https:\/\/france-empires.com\/index.php\/wp-json\/wp\/v2\/product"}],"about":[{"href":"https:\/\/france-empires.com\/index.php\/wp-json\/wp\/v2\/types\/product"}],"wp:featuredmedia":[{"embeddable":true,"href":"https:\/\/france-empires.com\/index.php\/wp-json\/wp\/v2\/media\/2988"}],"wp:attachment":[{"href":"https:\/\/france-empires.com\/index.php\/wp-json\/wp\/v2\/media?parent=2980"}],"wp:term":[{"taxonomy":"product_brand","embeddable":true,"href":"https:\/\/france-empires.com\/index.php\/wp-json\/wp\/v2\/product_brand?post=2980"},{"taxonomy":"product_cat","embeddable":true,"href":"https:\/\/france-empires.com\/index.php\/wp-json\/wp\/v2\/product_cat?post=2980"},{"taxonomy":"product_tag","embeddable":true,"href":"https:\/\/france-empires.com\/index.php\/wp-json\/wp\/v2\/product_tag?post=2980"}],"curies":[{"name":"wp","href":"https:\/\/api.w.org\/{rel}","templated":true}]}}