{"id":3003,"date":"2023-03-29T00:11:56","date_gmt":"2023-03-28T22:11:56","guid":{"rendered":"https:\/\/france-empires.com\/?post_type=product&#038;p=3003"},"modified":"2023-05-23T13:47:50","modified_gmt":"2023-05-23T11:47:50","slug":"sabre-dofficier-de-dragons-et-sa-housse-de-campagne","status":"publish","type":"product","link":"https:\/\/france-empires.com\/index.php\/produit\/sabre-dofficier-de-dragons-et-sa-housse-de-campagne\/","title":{"rendered":"officier de dragons et sa housse de campagne"},"content":{"rendered":"<p>Beau sabre terrain<\/p>\n<p>L&rsquo;ensemble est en TBE, y compris sa housse de campagne en cuir.<\/p>\n<p>Dragonne pr\u00e9sente.<\/p>\n<p>Lame marqu\u00e9e Sabre d&rsquo;Officier de Cavalerie Mod\u00e8le 1896, 2eme taille, Manufacture Nationale d&rsquo;Armes de Ch\u00e2tellerault, mai 1915.<\/p>\n<p>&nbsp;<\/p>\n<p>D\u00e9p\u00f4t de particulier.<\/p>\n","protected":false},"excerpt":{"rendered":"<p>Beau sabre terrain L&rsquo;ensemble est en TBE, y compris sa housse de campagne en cuir. Dragonne pr\u00e9sente. Lame marqu\u00e9e Sabre d&rsquo;Officier de Cavalerie Mod\u00e8le 1896, 2eme taille, Manufacture Nationale d&rsquo;Armes de Ch\u00e2tellerault, mai 1915. &nbsp; D\u00e9p\u00f4t de particulier.<\/p>\n","protected":false},"featured_media":3006,"template":"","meta":[],"product_brand":[],"product_cat":[76,77],"product_tag":[],"class_list":{"0":"post-3003","1":"product","2":"type-product","3":"status-publish","4":"has-post-thumbnail","6":"product_cat-armes-anciennes","7":"product_cat-sabres-et-epees","8":"pa_statut-disponible","10":"first","11":"outofstock","12":"product-type-simple"},"_links":{"self":[{"href":"https:\/\/france-empires.com\/index.php\/wp-json\/wp\/v2\/product\/3003","targetHints":{"allow":["GET"]}}],"collection":[{"href":"https:\/\/france-empires.com\/index.php\/wp-json\/wp\/v2\/product"}],"about":[{"href":"https:\/\/france-empires.com\/index.php\/wp-json\/wp\/v2\/types\/product"}],"wp:featuredmedia":[{"embeddable":true,"href":"https:\/\/france-empires.com\/index.php\/wp-json\/wp\/v2\/media\/3006"}],"wp:attachment":[{"href":"https:\/\/france-empires.com\/index.php\/wp-json\/wp\/v2\/media?parent=3003"}],"wp:term":[{"taxonomy":"product_brand","embeddable":true,"href":"https:\/\/france-empires.com\/index.php\/wp-json\/wp\/v2\/product_brand?post=3003"},{"taxonomy":"product_cat","embeddable":true,"href":"https:\/\/france-empires.com\/index.php\/wp-json\/wp\/v2\/product_cat?post=3003"},{"taxonomy":"product_tag","embeddable":true,"href":"https:\/\/france-empires.com\/index.php\/wp-json\/wp\/v2\/product_tag?post=3003"}],"curies":[{"name":"wp","href":"https:\/\/api.w.org\/{rel}","templated":true}]}}