{"id":3016,"date":"2023-03-29T00:19:33","date_gmt":"2023-03-28T22:19:33","guid":{"rendered":"https:\/\/france-empires.com\/?post_type=product&#038;p=3016"},"modified":"2024-02-19T22:15:20","modified_gmt":"2024-02-19T21:15:20","slug":"sabre-base-sur-le-sabre-francais-model-1822","status":"publish","type":"product","link":"https:\/\/france-empires.com\/index.php\/produit\/sabre-base-sur-le-sabre-francais-model-1822\/","title":{"rendered":"bas\u00e9 sur le mod\u00e8le 1822"},"content":{"rendered":"<p>Ce sabre est d&rsquo;assez bonne facture<\/p>\n<p>Nous ne l&rsquo;avons pas identifi\u00e9 formellement.<\/p>\n<p>Origine non garantie. USA, Allemagne pour l&rsquo;export, Perse, Inde ?<\/p>\n<p>&nbsp;<\/p>\n<p>D\u00e9p\u00f4t de particulier.<\/p>\n","protected":false},"excerpt":{"rendered":"<p>Ce sabre est d&rsquo;assez bonne facture Nous ne l&rsquo;avons pas identifi\u00e9 formellement. Origine non garantie. USA, Allemagne pour l&rsquo;export, Perse, Inde ? &nbsp; D\u00e9p\u00f4t de particulier.<\/p>\n","protected":false},"featured_media":3019,"template":"","meta":[],"product_brand":[],"product_cat":[76,77],"product_tag":[],"class_list":{"0":"post-3016","1":"product","2":"type-product","3":"status-publish","4":"has-post-thumbnail","6":"product_cat-armes-anciennes","7":"product_cat-sabres-et-epees","8":"pa_statut-vendu","10":"first","11":"outofstock","12":"product-type-simple"},"_links":{"self":[{"href":"https:\/\/france-empires.com\/index.php\/wp-json\/wp\/v2\/product\/3016","targetHints":{"allow":["GET"]}}],"collection":[{"href":"https:\/\/france-empires.com\/index.php\/wp-json\/wp\/v2\/product"}],"about":[{"href":"https:\/\/france-empires.com\/index.php\/wp-json\/wp\/v2\/types\/product"}],"wp:featuredmedia":[{"embeddable":true,"href":"https:\/\/france-empires.com\/index.php\/wp-json\/wp\/v2\/media\/3019"}],"wp:attachment":[{"href":"https:\/\/france-empires.com\/index.php\/wp-json\/wp\/v2\/media?parent=3016"}],"wp:term":[{"taxonomy":"product_brand","embeddable":true,"href":"https:\/\/france-empires.com\/index.php\/wp-json\/wp\/v2\/product_brand?post=3016"},{"taxonomy":"product_cat","embeddable":true,"href":"https:\/\/france-empires.com\/index.php\/wp-json\/wp\/v2\/product_cat?post=3016"},{"taxonomy":"product_tag","embeddable":true,"href":"https:\/\/france-empires.com\/index.php\/wp-json\/wp\/v2\/product_tag?post=3016"}],"curies":[{"name":"wp","href":"https:\/\/api.w.org\/{rel}","templated":true}]}}