{"id":3027,"date":"2023-03-29T00:27:54","date_gmt":"2023-03-28T22:27:54","guid":{"rendered":"https:\/\/france-empires.com\/?post_type=product&#038;p=3027"},"modified":"2023-05-03T17:01:31","modified_gmt":"2023-05-03T15:01:31","slug":"sabre-1822-1882-avec-sa-housse","status":"publish","type":"product","link":"https:\/\/france-empires.com\/index.php\/produit\/sabre-1822-1882-avec-sa-housse\/","title":{"rendered":"1822-1882 avec sa housse"},"content":{"rendered":"<p>Sabre troupe avec sa housse de campagne et sa dragonne<\/p>\n<p>Mod\u00e8le 1822 de cavalerie l\u00e9g\u00e8re, modifi\u00e9 1882 (un seul anneau au fourreau)<\/p>\n<p>Sabre en TBE, housse et dragonne BE jus,<\/p>\n<p>Manufacture d&rsquo;Armes de Ch\u00e2tellerault, janvier 1880.<\/p>\n<p>&nbsp;<\/p>\n<p>D\u00e9p\u00f4t de particulier.<\/p>\n","protected":false},"excerpt":{"rendered":"<p>Sabre troupe avec sa housse de campagne et sa dragonne Mod\u00e8le 1822 de cavalerie l\u00e9g\u00e8re, modifi\u00e9 1882 (un seul anneau au fourreau) Sabre en TBE, housse et dragonne BE jus, Manufacture d&rsquo;Armes de Ch\u00e2tellerault, janvier 1880. &nbsp; D\u00e9p\u00f4t de particulier.<\/p>\n","protected":false},"featured_media":3028,"template":"","meta":[],"product_brand":[],"product_cat":[76,77],"product_tag":[],"class_list":{"0":"post-3027","1":"product","2":"type-product","3":"status-publish","4":"has-post-thumbnail","6":"product_cat-armes-anciennes","7":"product_cat-sabres-et-epees","8":"pa_statut-vendu","10":"first","11":"outofstock","12":"product-type-simple"},"_links":{"self":[{"href":"https:\/\/france-empires.com\/index.php\/wp-json\/wp\/v2\/product\/3027","targetHints":{"allow":["GET"]}}],"collection":[{"href":"https:\/\/france-empires.com\/index.php\/wp-json\/wp\/v2\/product"}],"about":[{"href":"https:\/\/france-empires.com\/index.php\/wp-json\/wp\/v2\/types\/product"}],"wp:featuredmedia":[{"embeddable":true,"href":"https:\/\/france-empires.com\/index.php\/wp-json\/wp\/v2\/media\/3028"}],"wp:attachment":[{"href":"https:\/\/france-empires.com\/index.php\/wp-json\/wp\/v2\/media?parent=3027"}],"wp:term":[{"taxonomy":"product_brand","embeddable":true,"href":"https:\/\/france-empires.com\/index.php\/wp-json\/wp\/v2\/product_brand?post=3027"},{"taxonomy":"product_cat","embeddable":true,"href":"https:\/\/france-empires.com\/index.php\/wp-json\/wp\/v2\/product_cat?post=3027"},{"taxonomy":"product_tag","embeddable":true,"href":"https:\/\/france-empires.com\/index.php\/wp-json\/wp\/v2\/product_tag?post=3027"}],"curies":[{"name":"wp","href":"https:\/\/api.w.org\/{rel}","templated":true}]}}