{"id":3041,"date":"2023-03-29T00:34:47","date_gmt":"2023-03-28T22:34:47","guid":{"rendered":"https:\/\/france-empires.com\/?post_type=product&#038;p=3041"},"modified":"2023-05-03T17:02:16","modified_gmt":"2023-05-03T15:02:16","slug":"silex-type-1777","status":"publish","type":"product","link":"https:\/\/france-empires.com\/index.php\/produit\/silex-type-1777\/","title":{"rendered":"Silex type 1777"},"content":{"rendered":"<p>Fusil silex type 1777<\/p>\n<p>Platine marqu\u00e9e Manufacture Imp\u00e9riale de Mutzig.<\/p>\n<p>Canon de 108,5 cm (longueur pr\u00e9vue pour les dragons 1777)<\/p>\n<p>Ce fusil est un mod\u00e8le que nous n&rsquo;avons pas pu identifier formellement.<\/p>\n<p>Arme probablement modifi\u00e9e pour une Garde Nationale par exemple.<\/p>\n<p>&nbsp;<\/p>\n<p>D\u00e9p\u00f4t de particulier.<\/p>\n","protected":false},"excerpt":{"rendered":"<p>Fusil silex type 1777 Platine marqu\u00e9e Manufacture Imp\u00e9riale de Mutzig. Canon de 108,5 cm (longueur pr\u00e9vue pour les dragons 1777) Ce fusil est un mod\u00e8le que nous n&rsquo;avons pas pu identifier formellement. Arme probablement modifi\u00e9e pour une Garde Nationale par exemple. &nbsp; D\u00e9p\u00f4t de particulier.<\/p>\n","protected":false},"featured_media":3047,"template":"","meta":[],"product_brand":[],"product_cat":[76,85],"product_tag":[],"class_list":{"0":"post-3041","1":"product","2":"type-product","3":"status-publish","4":"has-post-thumbnail","6":"product_cat-armes-anciennes","7":"product_cat-armes-depaule","8":"pa_statut-vendu","10":"first","11":"outofstock","12":"product-type-simple"},"_links":{"self":[{"href":"https:\/\/france-empires.com\/index.php\/wp-json\/wp\/v2\/product\/3041","targetHints":{"allow":["GET"]}}],"collection":[{"href":"https:\/\/france-empires.com\/index.php\/wp-json\/wp\/v2\/product"}],"about":[{"href":"https:\/\/france-empires.com\/index.php\/wp-json\/wp\/v2\/types\/product"}],"wp:featuredmedia":[{"embeddable":true,"href":"https:\/\/france-empires.com\/index.php\/wp-json\/wp\/v2\/media\/3047"}],"wp:attachment":[{"href":"https:\/\/france-empires.com\/index.php\/wp-json\/wp\/v2\/media?parent=3041"}],"wp:term":[{"taxonomy":"product_brand","embeddable":true,"href":"https:\/\/france-empires.com\/index.php\/wp-json\/wp\/v2\/product_brand?post=3041"},{"taxonomy":"product_cat","embeddable":true,"href":"https:\/\/france-empires.com\/index.php\/wp-json\/wp\/v2\/product_cat?post=3041"},{"taxonomy":"product_tag","embeddable":true,"href":"https:\/\/france-empires.com\/index.php\/wp-json\/wp\/v2\/product_tag?post=3041"}],"curies":[{"name":"wp","href":"https:\/\/api.w.org\/{rel}","templated":true}]}}