{"id":3086,"date":"2023-04-16T19:00:18","date_gmt":"2023-04-16T17:00:18","guid":{"rendered":"https:\/\/france-empires.com\/?post_type=product&#038;p=3086"},"modified":"2023-05-03T17:12:17","modified_gmt":"2023-05-03T15:12:17","slug":"casque-dessai-dinfanterie","status":"publish","type":"product","link":"https:\/\/france-empires.com\/index.php\/produit\/casque-dessai-dinfanterie\/","title":{"rendered":"Casque d&rsquo;essai d&rsquo;infanterie"},"content":{"rendered":"<p class=\"text-center\">CASQUE D&rsquo;ESSAI DU 45\u00e8me r\u00e9giment d&rsquo;infanterie de Ligne, mod\u00e8le 1836,<\/p>\n<p class=\"text-center\">MONARCHIE DE JUILLET (1836-1837)<\/p>\n<p>Ce casque est incomplet et en ABE seulement avec quelques manques.<\/p>\n<p>Ce type de casque a ensuite \u00e9t\u00e9 r\u00e9utilis\u00e9 chez les pompiers.<\/p>\n<p>Des \u00e9l\u00e9ments \/ pi\u00e8ces d\u00e9tach\u00e9es peuvent \u00eatre fournis pour le reconstituer. Nous consulter.<\/p>\n<p>&nbsp;<\/p>\n","protected":false},"excerpt":{"rendered":"<p>CASQUE D&rsquo;ESSAI DU 45\u00e8me r\u00e9giment d&rsquo;infanterie de Ligne, mod\u00e8le 1836, MONARCHIE DE JUILLET (1836-1837) Ce casque est incomplet et en ABE seulement avec quelques manques. Ce type de casque a ensuite \u00e9t\u00e9 r\u00e9utilis\u00e9 chez les pompiers. Des \u00e9l\u00e9ments \/ pi\u00e8ces d\u00e9tach\u00e9es peuvent \u00eatre fournis pour le reconstituer. Nous consulter. &nbsp;<\/p>\n","protected":false},"featured_media":3089,"template":"","meta":[],"product_brand":[],"product_cat":[45,24],"product_tag":[],"class_list":{"0":"post-3086","1":"product","2":"type-product","3":"status-publish","4":"has-post-thumbnail","6":"product_cat-coiffures-casques-kepis-shakos-etc","7":"product_cat-uniformes-et-coiffures","8":"pa_statut-disponible","10":"first","11":"instock","12":"purchasable","13":"product-type-simple"},"_links":{"self":[{"href":"https:\/\/france-empires.com\/index.php\/wp-json\/wp\/v2\/product\/3086","targetHints":{"allow":["GET"]}}],"collection":[{"href":"https:\/\/france-empires.com\/index.php\/wp-json\/wp\/v2\/product"}],"about":[{"href":"https:\/\/france-empires.com\/index.php\/wp-json\/wp\/v2\/types\/product"}],"wp:featuredmedia":[{"embeddable":true,"href":"https:\/\/france-empires.com\/index.php\/wp-json\/wp\/v2\/media\/3089"}],"wp:attachment":[{"href":"https:\/\/france-empires.com\/index.php\/wp-json\/wp\/v2\/media?parent=3086"}],"wp:term":[{"taxonomy":"product_brand","embeddable":true,"href":"https:\/\/france-empires.com\/index.php\/wp-json\/wp\/v2\/product_brand?post=3086"},{"taxonomy":"product_cat","embeddable":true,"href":"https:\/\/france-empires.com\/index.php\/wp-json\/wp\/v2\/product_cat?post=3086"},{"taxonomy":"product_tag","embeddable":true,"href":"https:\/\/france-empires.com\/index.php\/wp-json\/wp\/v2\/product_tag?post=3086"}],"curies":[{"name":"wp","href":"https:\/\/api.w.org\/{rel}","templated":true}]}}