{"id":3105,"date":"2023-04-16T19:00:47","date_gmt":"2023-04-16T17:00:47","guid":{"rendered":"https:\/\/france-empires.com\/?post_type=product&#038;p=3105"},"modified":"2023-05-23T13:48:38","modified_gmt":"2023-05-23T11:48:38","slug":"deux-physionotraces-pere-et-fils","status":"publish","type":"product","link":"https:\/\/france-empires.com\/index.php\/produit\/deux-physionotraces-pere-et-fils\/","title":{"rendered":"Deux physionotraces, d&rsquo;Aboville p\u00e8re et fils"},"content":{"rendered":"<p>Le p\u00e8re est en tenue R\u00e9volution (1790), et d\u00e9cor\u00e9 du rare Ordre de Cincinnati<\/p>\n<p>Le fils en tenue Empire, d\u00e9cor\u00e9 de la L\u00e9gion d&rsquo;Honneur.<\/p>\n<p>Physionotraces par Fouquet et Chr\u00e9tien.<\/p>\n<p>Le nom des personnages sera r\u00e9v\u00e9l\u00e9 a l&rsquo;acqu\u00e9reur.<\/p>\n<p>&nbsp;<\/p>\n<h3 class=\"descriptionLineWrap\">La Soci\u00e9t\u00e9 des Cincinnati (Society of the Cincinnati), ou l&rsquo;ordre de Cincinnatus, est la plus ancienne soci\u00e9t\u00e9 patriotique am\u00e9ricaine, fond\u00e9e par George Washington le 13 mai 1783 et compos\u00e9e de ceux qui s&rsquo;\u00e9taient distingu\u00e9s pendant la Guerre d&rsquo;ind\u00e9pendance des \u00c9tats-Unis. D&rsquo;illustres soldats fran\u00e7ais en ont \u00e9t\u00e9 d\u00e9cor\u00e9s avec La Fayette, Rochambeau ou Fran\u00e7ois-Marie d&rsquo;Aboville.<\/h3>\n","protected":false},"excerpt":{"rendered":"<p>Le p\u00e8re est en tenue R\u00e9volution (1790), et d\u00e9cor\u00e9 du rare Ordre de Cincinnati Le fils en tenue Empire, d\u00e9cor\u00e9 de la L\u00e9gion d&rsquo;Honneur. Physionotraces par Fouquet et Chr\u00e9tien. Le nom des personnages sera r\u00e9v\u00e9l\u00e9 a l&rsquo;acqu\u00e9reur. &nbsp; La Soci\u00e9t\u00e9 des Cincinnati (Society of the Cincinnati), ou l&rsquo;ordre de Cincinnatus, est&hellip;<\/p>\n","protected":false},"featured_media":3107,"template":"","meta":[],"product_brand":[],"product_cat":[28,26],"product_tag":[],"class_list":{"0":"post-3105","1":"product","2":"type-product","3":"status-publish","4":"has-post-thumbnail","6":"product_cat-antiquites-et-autres-collections","7":"product_cat-librairie-documents-et-photos","8":"pa_statut-disponible","10":"first","11":"instock","12":"purchasable","13":"product-type-simple"},"_links":{"self":[{"href":"https:\/\/france-empires.com\/index.php\/wp-json\/wp\/v2\/product\/3105","targetHints":{"allow":["GET"]}}],"collection":[{"href":"https:\/\/france-empires.com\/index.php\/wp-json\/wp\/v2\/product"}],"about":[{"href":"https:\/\/france-empires.com\/index.php\/wp-json\/wp\/v2\/types\/product"}],"wp:featuredmedia":[{"embeddable":true,"href":"https:\/\/france-empires.com\/index.php\/wp-json\/wp\/v2\/media\/3107"}],"wp:attachment":[{"href":"https:\/\/france-empires.com\/index.php\/wp-json\/wp\/v2\/media?parent=3105"}],"wp:term":[{"taxonomy":"product_brand","embeddable":true,"href":"https:\/\/france-empires.com\/index.php\/wp-json\/wp\/v2\/product_brand?post=3105"},{"taxonomy":"product_cat","embeddable":true,"href":"https:\/\/france-empires.com\/index.php\/wp-json\/wp\/v2\/product_cat?post=3105"},{"taxonomy":"product_tag","embeddable":true,"href":"https:\/\/france-empires.com\/index.php\/wp-json\/wp\/v2\/product_tag?post=3105"}],"curies":[{"name":"wp","href":"https:\/\/api.w.org\/{rel}","templated":true}]}}