{"id":3116,"date":"2023-04-16T19:00:34","date_gmt":"2023-04-16T17:00:34","guid":{"rendered":"https:\/\/france-empires.com\/?post_type=product&#038;p=3116"},"modified":"2024-06-07T16:15:34","modified_gmt":"2024-06-07T14:15:34","slug":"wh-masque-de-protection-modele-1938-2","status":"publish","type":"product","link":"https:\/\/france-empires.com\/index.php\/produit\/wh-masque-de-protection-modele-1938-2\/","title":{"rendered":"WH, Masque de protection mod\u00e8le 1938"},"content":{"rendered":"<p>Bon mod\u00e8le, avec sangles, araign\u00e9e, chiffon et verres de rechange.<\/p>\n<p>Crasseux, BE-TBE, avec marquages.<\/p>\n<p>Etiauette d&rsquo;attribution a un Ober Gefreiter \u00ab\u00a0OECHSLE\u00a0\u00bb<\/p>\n","protected":false},"excerpt":{"rendered":"<p>Bon mod\u00e8le, avec sangles, araign\u00e9e, chiffon et verres de rechange. Crasseux, BE-TBE, avec marquages. Etiauette d&rsquo;attribution a un Ober Gefreiter \u00ab\u00a0OECHSLE\u00a0\u00bb<\/p>\n","protected":false},"featured_media":3125,"template":"","meta":[],"product_brand":[],"product_cat":[25,51],"product_tag":[],"class_list":{"0":"post-3116","1":"product","2":"type-product","3":"status-publish","4":"has-post-thumbnail","6":"product_cat-equipements","7":"product_cat-equipements-du-soldat-pour-le-combat-ceinturons-cartouchieres-sac-a-dos-etc","8":"pa_statut-vendu","10":"first","11":"outofstock","12":"product-type-simple"},"_links":{"self":[{"href":"https:\/\/france-empires.com\/index.php\/wp-json\/wp\/v2\/product\/3116","targetHints":{"allow":["GET"]}}],"collection":[{"href":"https:\/\/france-empires.com\/index.php\/wp-json\/wp\/v2\/product"}],"about":[{"href":"https:\/\/france-empires.com\/index.php\/wp-json\/wp\/v2\/types\/product"}],"wp:featuredmedia":[{"embeddable":true,"href":"https:\/\/france-empires.com\/index.php\/wp-json\/wp\/v2\/media\/3125"}],"wp:attachment":[{"href":"https:\/\/france-empires.com\/index.php\/wp-json\/wp\/v2\/media?parent=3116"}],"wp:term":[{"taxonomy":"product_brand","embeddable":true,"href":"https:\/\/france-empires.com\/index.php\/wp-json\/wp\/v2\/product_brand?post=3116"},{"taxonomy":"product_cat","embeddable":true,"href":"https:\/\/france-empires.com\/index.php\/wp-json\/wp\/v2\/product_cat?post=3116"},{"taxonomy":"product_tag","embeddable":true,"href":"https:\/\/france-empires.com\/index.php\/wp-json\/wp\/v2\/product_tag?post=3116"}],"curies":[{"name":"wp","href":"https:\/\/api.w.org\/{rel}","templated":true}]}}