{"id":3217,"date":"2023-04-23T19:00:48","date_gmt":"2023-04-23T17:00:48","guid":{"rendered":"https:\/\/france-empires.com\/?post_type=product&#038;p=3217"},"modified":"2023-12-23T11:55:56","modified_gmt":"2023-12-23T10:55:56","slug":"marine-pantalon-en-toile-rousse-modele-1878-modifie-1894","status":"publish","type":"product","link":"https:\/\/france-empires.com\/index.php\/produit\/marine-pantalon-en-toile-rousse-modele-1878-modifie-1894\/","title":{"rendered":"Marine, pantalon en toile rousse mod\u00e8le 1878 modifi\u00e9 1894"},"content":{"rendered":"<p>Beau pantalon rare a trouver, bel \u00e9tat jus.<\/p>\n<p>Bons marquages avec un date qui semble \u00eatre 1905<\/p>\n<p>double matricule d&rsquo;un marin de Cherbourg (1er D\u00e9p\u00f4t des \u00e9quipages)\u00a0en bas de patte de pantalon<\/p>\n","protected":false},"excerpt":{"rendered":"<p>Beau pantalon rare a trouver, bel \u00e9tat jus. Bons marquages avec un date qui semble \u00eatre 1905 double matricule d&rsquo;un marin de Cherbourg (1er D\u00e9p\u00f4t des \u00e9quipages)\u00a0en bas de patte de pantalon<\/p>\n","protected":false},"featured_media":3224,"template":"","meta":[],"product_brand":[],"product_cat":[47,24],"product_tag":[],"class_list":{"0":"post-3217","1":"product","2":"type-product","3":"status-publish","4":"has-post-thumbnail","6":"product_cat-uniformes-complets-et-elements-seuls","7":"product_cat-uniformes-et-coiffures","8":"pa_statut-vendu","10":"first","11":"outofstock","12":"product-type-simple"},"_links":{"self":[{"href":"https:\/\/france-empires.com\/index.php\/wp-json\/wp\/v2\/product\/3217","targetHints":{"allow":["GET"]}}],"collection":[{"href":"https:\/\/france-empires.com\/index.php\/wp-json\/wp\/v2\/product"}],"about":[{"href":"https:\/\/france-empires.com\/index.php\/wp-json\/wp\/v2\/types\/product"}],"wp:featuredmedia":[{"embeddable":true,"href":"https:\/\/france-empires.com\/index.php\/wp-json\/wp\/v2\/media\/3224"}],"wp:attachment":[{"href":"https:\/\/france-empires.com\/index.php\/wp-json\/wp\/v2\/media?parent=3217"}],"wp:term":[{"taxonomy":"product_brand","embeddable":true,"href":"https:\/\/france-empires.com\/index.php\/wp-json\/wp\/v2\/product_brand?post=3217"},{"taxonomy":"product_cat","embeddable":true,"href":"https:\/\/france-empires.com\/index.php\/wp-json\/wp\/v2\/product_cat?post=3217"},{"taxonomy":"product_tag","embeddable":true,"href":"https:\/\/france-empires.com\/index.php\/wp-json\/wp\/v2\/product_tag?post=3217"}],"curies":[{"name":"wp","href":"https:\/\/api.w.org\/{rel}","templated":true}]}}