{"id":3262,"date":"2023-04-23T19:00:03","date_gmt":"2023-04-23T17:00:03","guid":{"rendered":"https:\/\/france-empires.com\/?post_type=product&#038;p=3262"},"modified":"2024-04-30T15:13:11","modified_gmt":"2024-04-30T13:13:11","slug":"epaulettes-dofficier-subalterne-restauration","status":"publish","type":"product","link":"https:\/\/france-empires.com\/index.php\/produit\/epaulettes-dofficier-subalterne-restauration\/","title":{"rendered":"Epaulettes d&rsquo;officier subalterne, Restauration"},"content":{"rendered":"<p>Belle paire d&rsquo;\u00e9paulettes dans leur boite d&rsquo;origine, en parfait \u00e9tat.<\/p>\n<p>Etiquettes du fabricant sur la boite et au revers des \u00e9paulettes.<\/p>\n","protected":false},"excerpt":{"rendered":"<p>Belle paire d&rsquo;\u00e9paulettes dans leur boite d&rsquo;origine, en parfait \u00e9tat. Etiquettes du fabricant sur la boite et au revers des \u00e9paulettes.<\/p>\n","protected":false},"featured_media":3267,"template":"","meta":[],"product_brand":[],"product_cat":[49,24],"product_tag":[],"class_list":{"0":"post-3262","1":"product","2":"type-product","3":"status-publish","4":"has-post-thumbnail","6":"product_cat-epaulettes-cordons-fourageres-et-aiguillettes","7":"product_cat-uniformes-et-coiffures","8":"pa_statut-vendu","10":"first","11":"outofstock","12":"product-type-simple"},"_links":{"self":[{"href":"https:\/\/france-empires.com\/index.php\/wp-json\/wp\/v2\/product\/3262","targetHints":{"allow":["GET"]}}],"collection":[{"href":"https:\/\/france-empires.com\/index.php\/wp-json\/wp\/v2\/product"}],"about":[{"href":"https:\/\/france-empires.com\/index.php\/wp-json\/wp\/v2\/types\/product"}],"wp:featuredmedia":[{"embeddable":true,"href":"https:\/\/france-empires.com\/index.php\/wp-json\/wp\/v2\/media\/3267"}],"wp:attachment":[{"href":"https:\/\/france-empires.com\/index.php\/wp-json\/wp\/v2\/media?parent=3262"}],"wp:term":[{"taxonomy":"product_brand","embeddable":true,"href":"https:\/\/france-empires.com\/index.php\/wp-json\/wp\/v2\/product_brand?post=3262"},{"taxonomy":"product_cat","embeddable":true,"href":"https:\/\/france-empires.com\/index.php\/wp-json\/wp\/v2\/product_cat?post=3262"},{"taxonomy":"product_tag","embeddable":true,"href":"https:\/\/france-empires.com\/index.php\/wp-json\/wp\/v2\/product_tag?post=3262"}],"curies":[{"name":"wp","href":"https:\/\/api.w.org\/{rel}","templated":true}]}}