{"id":3273,"date":"2023-04-23T19:00:56","date_gmt":"2023-04-23T17:00:56","guid":{"rendered":"https:\/\/france-empires.com\/?post_type=product&#038;p=3273"},"modified":"2023-08-18T23:49:55","modified_gmt":"2023-08-18T21:49:55","slug":"bicorne-dofficier-de-la-garde-nationale-premier-empire","status":"publish","type":"product","link":"https:\/\/france-empires.com\/index.php\/produit\/bicorne-dofficier-de-la-garde-nationale-premier-empire\/","title":{"rendered":"Bicorne d&rsquo;officier de la Garde Nationale, Premier Empire"},"content":{"rendered":"<p>Bicorne d&rsquo;officier de la garde nationale, ayant subi des affres du temps.<\/p>\n<p>L&rsquo;ensemble, bien qu&rsquo;en assez mauvais \u00e9tat avec des manques, accidents et restaurations, reste une pi\u00e8ce pr\u00e9sentable. D&rsquo;apr\u00e8s l&rsquo;ancien propri\u00e9taire, coiffure initialement acquise aupr\u00e8s de Christian Blondieau.<\/p>\n<p>Le bouton est un petit module pour officier de la Garde Nationale, la cocarde qui apparait blanche, quasi d\u00e9tach\u00e9e du bicorne, pr\u00e9sente des restes de couleur bleue et rouge a l&rsquo;arri\u00e8re.<\/p>\n<p>&nbsp;<\/p>\n","protected":false},"excerpt":{"rendered":"<p>Bicorne d&rsquo;officier de la garde nationale, ayant subi des affres du temps. L&rsquo;ensemble, bien qu&rsquo;en assez mauvais \u00e9tat avec des manques, accidents et restaurations, reste une pi\u00e8ce pr\u00e9sentable. D&rsquo;apr\u00e8s l&rsquo;ancien propri\u00e9taire, coiffure initialement acquise aupr\u00e8s de Christian Blondieau. Le bouton est un petit module pour officier de la Garde Nationale, la&hellip;<\/p>\n","protected":false},"featured_media":3274,"template":"","meta":[],"product_brand":[],"product_cat":[45,24],"product_tag":[],"class_list":{"0":"post-3273","1":"product","2":"type-product","3":"status-publish","4":"has-post-thumbnail","6":"product_cat-coiffures-casques-kepis-shakos-etc","7":"product_cat-uniformes-et-coiffures","8":"pa_statut-vendu","10":"first","11":"outofstock","12":"product-type-simple"},"_links":{"self":[{"href":"https:\/\/france-empires.com\/index.php\/wp-json\/wp\/v2\/product\/3273","targetHints":{"allow":["GET"]}}],"collection":[{"href":"https:\/\/france-empires.com\/index.php\/wp-json\/wp\/v2\/product"}],"about":[{"href":"https:\/\/france-empires.com\/index.php\/wp-json\/wp\/v2\/types\/product"}],"wp:featuredmedia":[{"embeddable":true,"href":"https:\/\/france-empires.com\/index.php\/wp-json\/wp\/v2\/media\/3274"}],"wp:attachment":[{"href":"https:\/\/france-empires.com\/index.php\/wp-json\/wp\/v2\/media?parent=3273"}],"wp:term":[{"taxonomy":"product_brand","embeddable":true,"href":"https:\/\/france-empires.com\/index.php\/wp-json\/wp\/v2\/product_brand?post=3273"},{"taxonomy":"product_cat","embeddable":true,"href":"https:\/\/france-empires.com\/index.php\/wp-json\/wp\/v2\/product_cat?post=3273"},{"taxonomy":"product_tag","embeddable":true,"href":"https:\/\/france-empires.com\/index.php\/wp-json\/wp\/v2\/product_tag?post=3273"}],"curies":[{"name":"wp","href":"https:\/\/api.w.org\/{rel}","templated":true}]}}