{"id":3306,"date":"2023-05-07T19:00:20","date_gmt":"2023-05-07T17:00:20","guid":{"rendered":"https:\/\/france-empires.com\/?post_type=product&#038;p=3306"},"modified":"2023-05-18T19:17:11","modified_gmt":"2023-05-18T17:17:11","slug":"tableau-infanterie-legere-vers-1854","status":"publish","type":"product","link":"https:\/\/france-empires.com\/index.php\/produit\/tableau-infanterie-legere-vers-1854\/","title":{"rendered":"Tableau Infanterie L\u00e9g\u00e8re vers 1854"},"content":{"rendered":"<p>Jolie huile sur bois de 21x27cm dans un cadre ancien en bois dor\u00e9.<\/p>\n<p>Elle repr\u00e9sente un sergent de carri\u00e8re de l&rsquo;infanterie l\u00e9g\u00e8re vers 1853.<\/p>\n<p>Tableau bien ex\u00e9cut\u00e9, notre homme est d\u00e9cor\u00e9 de la m\u00e9daille militaire<\/p>\n<p>Il est sign\u00e9 et dat\u00e9 1853<\/p>\n","protected":false},"excerpt":{"rendered":"<p>Jolie huile sur bois de 21x27cm dans un cadre ancien en bois dor\u00e9. Elle repr\u00e9sente un sergent de carri\u00e8re de l&rsquo;infanterie l\u00e9g\u00e8re vers 1853. Tableau bien ex\u00e9cut\u00e9, notre homme est d\u00e9cor\u00e9 de la m\u00e9daille militaire Il est sign\u00e9 et dat\u00e9 1853<\/p>\n","protected":false},"featured_media":3307,"template":"","meta":[],"product_brand":[],"product_cat":[28,26],"product_tag":[],"class_list":{"0":"post-3306","1":"product","2":"type-product","3":"status-publish","4":"has-post-thumbnail","6":"product_cat-antiquites-et-autres-collections","7":"product_cat-librairie-documents-et-photos","8":"pa_statut-disponible","10":"first","11":"instock","12":"purchasable","13":"product-type-simple"},"_links":{"self":[{"href":"https:\/\/france-empires.com\/index.php\/wp-json\/wp\/v2\/product\/3306","targetHints":{"allow":["GET"]}}],"collection":[{"href":"https:\/\/france-empires.com\/index.php\/wp-json\/wp\/v2\/product"}],"about":[{"href":"https:\/\/france-empires.com\/index.php\/wp-json\/wp\/v2\/types\/product"}],"wp:featuredmedia":[{"embeddable":true,"href":"https:\/\/france-empires.com\/index.php\/wp-json\/wp\/v2\/media\/3307"}],"wp:attachment":[{"href":"https:\/\/france-empires.com\/index.php\/wp-json\/wp\/v2\/media?parent=3306"}],"wp:term":[{"taxonomy":"product_brand","embeddable":true,"href":"https:\/\/france-empires.com\/index.php\/wp-json\/wp\/v2\/product_brand?post=3306"},{"taxonomy":"product_cat","embeddable":true,"href":"https:\/\/france-empires.com\/index.php\/wp-json\/wp\/v2\/product_cat?post=3306"},{"taxonomy":"product_tag","embeddable":true,"href":"https:\/\/france-empires.com\/index.php\/wp-json\/wp\/v2\/product_tag?post=3306"}],"curies":[{"name":"wp","href":"https:\/\/api.w.org\/{rel}","templated":true}]}}