{"id":3370,"date":"2023-05-07T19:00:45","date_gmt":"2023-05-07T17:00:45","guid":{"rendered":"https:\/\/france-empires.com\/?post_type=product&#038;p=3370"},"modified":"2024-02-19T22:16:52","modified_gmt":"2024-02-19T21:16:52","slug":"glaive-dinfanterie-modele-1831","status":"publish","type":"product","link":"https:\/\/france-empires.com\/index.php\/produit\/glaive-dinfanterie-modele-1831\/","title":{"rendered":"Glaive d&rsquo;infanterie mod\u00e8le 1831"},"content":{"rendered":"<p>Bons marquages, fabrication Talabot 1832 Paris.<\/p>\n<p>Ce glaive est adopt\u00e9 sous la\u00a0<a title=\"Monarchie de Juillet\" href=\"https:\/\/fr.wikipedia.org\/wiki\/Monarchie_de_Juillet\">monarchie de juillet<\/a>, et sera en service jusqu\u2019\u00e0 la fin du\u00a0<a title=\"Second Empire\" href=\"https:\/\/fr.wikipedia.org\/wiki\/Second_Empire\">Second Empire<\/a>. Il \u00e9quipe entre autres les soldats de l&rsquo;infanterie, ainsi que ceux de la l\u00e9gion \u00e9trang\u00e8re.<\/p>\n<p><b>Caract\u00e9ristiques r\u00e9glementaires de l&rsquo;arme lors de sa mise en service\u00a0:<\/b><\/p>\n<ul>\n<li>longueur de la lame\u00a0: 47,5\u00a0\u00e0 48,7\u00a0<abbr class=\"abbr\" title=\"centim\u00e8tre\">cm<\/abbr><\/li>\n<li>type de lame\u00a0: lame droite \u00e0 section losangulaire, \u00e0 double tranchants, et en langue de carpe<\/li>\n<li>largeur au talon\u00a0: \u00b14 cm<\/li>\n<li>fl\u00e8che\u00a0: aucune<\/li>\n<li>monture\u00a0: laiton moul\u00e9, avec une poign\u00e9e \u00e0 26 cannelures de \u00b114.8 cm et une croisi\u00e8re droite de \u00b110.5 cm<\/li>\n<li>fourreau\u00a0: en cuir noirci \u00e0 couture<\/li>\n<\/ul>\n","protected":false},"excerpt":{"rendered":"<p>Bons marquages, fabrication Talabot 1832 Paris. Ce glaive est adopt\u00e9 sous la\u00a0monarchie de juillet, et sera en service jusqu\u2019\u00e0 la fin du\u00a0Second Empire. Il \u00e9quipe entre autres les soldats de l&rsquo;infanterie, ainsi que ceux de la l\u00e9gion \u00e9trang\u00e8re. Caract\u00e9ristiques r\u00e9glementaires de l&rsquo;arme lors de sa mise en service\u00a0: longueur de la&hellip;<\/p>\n","protected":false},"featured_media":3377,"template":"","meta":[],"product_brand":[],"product_cat":[76,77],"product_tag":[],"class_list":{"0":"post-3370","1":"product","2":"type-product","3":"status-publish","4":"has-post-thumbnail","6":"product_cat-armes-anciennes","7":"product_cat-sabres-et-epees","8":"pa_statut-vendu","10":"first","11":"outofstock","12":"product-type-simple"},"_links":{"self":[{"href":"https:\/\/france-empires.com\/index.php\/wp-json\/wp\/v2\/product\/3370","targetHints":{"allow":["GET"]}}],"collection":[{"href":"https:\/\/france-empires.com\/index.php\/wp-json\/wp\/v2\/product"}],"about":[{"href":"https:\/\/france-empires.com\/index.php\/wp-json\/wp\/v2\/types\/product"}],"wp:featuredmedia":[{"embeddable":true,"href":"https:\/\/france-empires.com\/index.php\/wp-json\/wp\/v2\/media\/3377"}],"wp:attachment":[{"href":"https:\/\/france-empires.com\/index.php\/wp-json\/wp\/v2\/media?parent=3370"}],"wp:term":[{"taxonomy":"product_brand","embeddable":true,"href":"https:\/\/france-empires.com\/index.php\/wp-json\/wp\/v2\/product_brand?post=3370"},{"taxonomy":"product_cat","embeddable":true,"href":"https:\/\/france-empires.com\/index.php\/wp-json\/wp\/v2\/product_cat?post=3370"},{"taxonomy":"product_tag","embeddable":true,"href":"https:\/\/france-empires.com\/index.php\/wp-json\/wp\/v2\/product_tag?post=3370"}],"curies":[{"name":"wp","href":"https:\/\/api.w.org\/{rel}","templated":true}]}}