{"id":3383,"date":"2023-05-07T19:00:02","date_gmt":"2023-05-07T17:00:02","guid":{"rendered":"https:\/\/france-empires.com\/?post_type=product&#038;p=3383"},"modified":"2024-02-19T22:16:27","modified_gmt":"2024-02-19T21:16:27","slug":"briquet-modele-an-ix-premier-empire","status":"publish","type":"product","link":"https:\/\/france-empires.com\/index.php\/produit\/briquet-modele-an-ix-premier-empire\/","title":{"rendered":"Briquet, mod\u00e8le An XI, Premier Empire."},"content":{"rendered":"<p>Bon sabre troupe d&rsquo;infanterie, propre et solide<\/p>\n<p>Bien marqu\u00e9 et dat\u00e9 Manufacture Imp\u00e9riale du Kligenthal Septembre 1812.<\/p>\n<p>&nbsp;<\/p>\n","protected":false},"excerpt":{"rendered":"<p>Bon sabre troupe d&rsquo;infanterie, propre et solide Bien marqu\u00e9 et dat\u00e9 Manufacture Imp\u00e9riale du Kligenthal Septembre 1812. &nbsp;<\/p>\n","protected":false},"featured_media":3386,"template":"","meta":[],"product_brand":[],"product_cat":[76,77],"product_tag":[],"class_list":{"0":"post-3383","1":"product","2":"type-product","3":"status-publish","4":"has-post-thumbnail","6":"product_cat-armes-anciennes","7":"product_cat-sabres-et-epees","8":"pa_statut-vendu","10":"first","11":"outofstock","12":"product-type-simple"},"_links":{"self":[{"href":"https:\/\/france-empires.com\/index.php\/wp-json\/wp\/v2\/product\/3383","targetHints":{"allow":["GET"]}}],"collection":[{"href":"https:\/\/france-empires.com\/index.php\/wp-json\/wp\/v2\/product"}],"about":[{"href":"https:\/\/france-empires.com\/index.php\/wp-json\/wp\/v2\/types\/product"}],"wp:featuredmedia":[{"embeddable":true,"href":"https:\/\/france-empires.com\/index.php\/wp-json\/wp\/v2\/media\/3386"}],"wp:attachment":[{"href":"https:\/\/france-empires.com\/index.php\/wp-json\/wp\/v2\/media?parent=3383"}],"wp:term":[{"taxonomy":"product_brand","embeddable":true,"href":"https:\/\/france-empires.com\/index.php\/wp-json\/wp\/v2\/product_brand?post=3383"},{"taxonomy":"product_cat","embeddable":true,"href":"https:\/\/france-empires.com\/index.php\/wp-json\/wp\/v2\/product_cat?post=3383"},{"taxonomy":"product_tag","embeddable":true,"href":"https:\/\/france-empires.com\/index.php\/wp-json\/wp\/v2\/product_tag?post=3383"}],"curies":[{"name":"wp","href":"https:\/\/api.w.org\/{rel}","templated":true}]}}