{"id":3394,"date":"2023-05-07T19:00:29","date_gmt":"2023-05-07T17:00:29","guid":{"rendered":"https:\/\/france-empires.com\/?post_type=product&#038;p=3394"},"modified":"2024-03-01T16:00:12","modified_gmt":"2024-03-01T15:00:12","slug":"officier-marine-fin-18e-debut-19e","status":"publish","type":"product","link":"https:\/\/france-empires.com\/index.php\/produit\/officier-marine-fin-18e-debut-19e\/","title":{"rendered":"Officier Marine fin 18e \/ d\u00e9but 19e"},"content":{"rendered":"<p>Sabre d&rsquo;officier de Marine en mauvais \u00e9tat.<\/p>\n<p>Voir photos, reste malgr\u00e9 tout un mod\u00e8le int\u00e9ressant et rare<\/p>\n<p>M\u00e9rite une restauration.<\/p>\n","protected":false},"excerpt":{"rendered":"<p>Sabre d&rsquo;officier de Marine en mauvais \u00e9tat. Voir photos, reste malgr\u00e9 tout un mod\u00e8le int\u00e9ressant et rare M\u00e9rite une restauration.<\/p>\n","protected":false},"featured_media":3399,"template":"","meta":[],"product_brand":[],"product_cat":[76,77],"product_tag":[],"class_list":{"0":"post-3394","1":"product","2":"type-product","3":"status-publish","4":"has-post-thumbnail","6":"product_cat-armes-anciennes","7":"product_cat-sabres-et-epees","8":"pa_statut-vendu","10":"first","11":"outofstock","12":"product-type-simple"},"_links":{"self":[{"href":"https:\/\/france-empires.com\/index.php\/wp-json\/wp\/v2\/product\/3394","targetHints":{"allow":["GET"]}}],"collection":[{"href":"https:\/\/france-empires.com\/index.php\/wp-json\/wp\/v2\/product"}],"about":[{"href":"https:\/\/france-empires.com\/index.php\/wp-json\/wp\/v2\/types\/product"}],"wp:featuredmedia":[{"embeddable":true,"href":"https:\/\/france-empires.com\/index.php\/wp-json\/wp\/v2\/media\/3399"}],"wp:attachment":[{"href":"https:\/\/france-empires.com\/index.php\/wp-json\/wp\/v2\/media?parent=3394"}],"wp:term":[{"taxonomy":"product_brand","embeddable":true,"href":"https:\/\/france-empires.com\/index.php\/wp-json\/wp\/v2\/product_brand?post=3394"},{"taxonomy":"product_cat","embeddable":true,"href":"https:\/\/france-empires.com\/index.php\/wp-json\/wp\/v2\/product_cat?post=3394"},{"taxonomy":"product_tag","embeddable":true,"href":"https:\/\/france-empires.com\/index.php\/wp-json\/wp\/v2\/product_tag?post=3394"}],"curies":[{"name":"wp","href":"https:\/\/api.w.org\/{rel}","templated":true}]}}