{"id":3402,"date":"2023-05-07T19:00:24","date_gmt":"2023-05-07T17:00:24","guid":{"rendered":"https:\/\/france-empires.com\/?post_type=product&#038;p=3402"},"modified":"2023-11-24T23:29:35","modified_gmt":"2023-11-24T22:29:35","slug":"bicorne-regiment-de-monsieur-restauration","status":"publish","type":"product","link":"https:\/\/france-empires.com\/index.php\/produit\/bicorne-regiment-de-monsieur-restauration\/","title":{"rendered":"Bicorne, 5e R\u00e9giment de Cuirassiers, Restauration"},"content":{"rendered":"<p>Bicorne du 5e R\u00e9giment de Cuirassiers \u00ab\u00a0Orleans\u00a0\u00bb, \u00e9poque Restauration<\/p>\n<p>Cocarde d&rsquo;officier en canetille argent avec une fleur de lys en son centre<\/p>\n<p>Ganse form\u00e9e de deux torsades<\/p>\n<p>Bouton d&rsquo;officier du mod\u00e8le sp\u00e9cifique du R\u00e9giment<\/p>\n<p>Les deux cornes sont garnies de floches de passementerie d&rsquo;argent.<\/p>\n<p>Int\u00e9rieur absent.<\/p>\n<p>Belle coiffure spectaculaire<\/p>\n<p>&nbsp;<\/p>\n","protected":false},"excerpt":{"rendered":"<p>Bicorne du 5e R\u00e9giment de Cuirassiers \u00ab\u00a0Orleans\u00a0\u00bb, \u00e9poque Restauration Cocarde d&rsquo;officier en canetille argent avec une fleur de lys en son centre Ganse form\u00e9e de deux torsades Bouton d&rsquo;officier du mod\u00e8le sp\u00e9cifique du R\u00e9giment Les deux cornes sont garnies de floches de passementerie d&rsquo;argent. Int\u00e9rieur absent. Belle coiffure spectaculaire &nbsp;<\/p>\n","protected":false},"featured_media":3406,"template":"","meta":[],"product_brand":[],"product_cat":[45,24],"product_tag":[],"class_list":{"0":"post-3402","1":"product","2":"type-product","3":"status-publish","4":"has-post-thumbnail","6":"product_cat-coiffures-casques-kepis-shakos-etc","7":"product_cat-uniformes-et-coiffures","8":"pa_statut-vendu","10":"first","11":"outofstock","12":"product-type-simple"},"_links":{"self":[{"href":"https:\/\/france-empires.com\/index.php\/wp-json\/wp\/v2\/product\/3402","targetHints":{"allow":["GET"]}}],"collection":[{"href":"https:\/\/france-empires.com\/index.php\/wp-json\/wp\/v2\/product"}],"about":[{"href":"https:\/\/france-empires.com\/index.php\/wp-json\/wp\/v2\/types\/product"}],"wp:featuredmedia":[{"embeddable":true,"href":"https:\/\/france-empires.com\/index.php\/wp-json\/wp\/v2\/media\/3406"}],"wp:attachment":[{"href":"https:\/\/france-empires.com\/index.php\/wp-json\/wp\/v2\/media?parent=3402"}],"wp:term":[{"taxonomy":"product_brand","embeddable":true,"href":"https:\/\/france-empires.com\/index.php\/wp-json\/wp\/v2\/product_brand?post=3402"},{"taxonomy":"product_cat","embeddable":true,"href":"https:\/\/france-empires.com\/index.php\/wp-json\/wp\/v2\/product_cat?post=3402"},{"taxonomy":"product_tag","embeddable":true,"href":"https:\/\/france-empires.com\/index.php\/wp-json\/wp\/v2\/product_tag?post=3402"}],"curies":[{"name":"wp","href":"https:\/\/api.w.org\/{rel}","templated":true}]}}