{"id":3416,"date":"2023-05-07T19:00:06","date_gmt":"2023-05-07T17:00:06","guid":{"rendered":"https:\/\/france-empires.com\/?post_type=product&#038;p=3416"},"modified":"2023-05-23T13:49:08","modified_gmt":"2023-05-23T11:49:08","slug":"ordre-militaire-de-savoie","status":"publish","type":"product","link":"https:\/\/france-empires.com\/index.php\/produit\/ordre-militaire-de-savoie\/","title":{"rendered":"Ordre militaire de Savoie"},"content":{"rendered":"<p>Mod\u00e8le ordonnance et r\u00e9duction a la couronne<\/p>\n<p>Petits \u00e9clats d&#8217;email sinon TTBE<\/p>\n<p>rare mod\u00e8le du 3e quart du 19e si\u00e8cle.<\/p>\n<p>La provenance sera communiqu\u00e9e a l&rsquo;acheteur<\/p>\n","protected":false},"excerpt":{"rendered":"<p>Mod\u00e8le ordonnance et r\u00e9duction a la couronne Petits \u00e9clats d&#8217;email sinon TTBE rare mod\u00e8le du 3e quart du 19e si\u00e8cle. La provenance sera communiqu\u00e9e a l&rsquo;acheteur<\/p>\n","protected":false},"featured_media":3417,"template":"","meta":[],"product_brand":[],"product_cat":[23,42],"product_tag":[],"class_list":{"0":"post-3416","1":"product","2":"type-product","3":"status-publish","4":"has-post-thumbnail","6":"product_cat-medailles-et-decorations","7":"product_cat-militaires","8":"pa_statut-vendu","10":"first","11":"outofstock","12":"product-type-simple"},"_links":{"self":[{"href":"https:\/\/france-empires.com\/index.php\/wp-json\/wp\/v2\/product\/3416","targetHints":{"allow":["GET"]}}],"collection":[{"href":"https:\/\/france-empires.com\/index.php\/wp-json\/wp\/v2\/product"}],"about":[{"href":"https:\/\/france-empires.com\/index.php\/wp-json\/wp\/v2\/types\/product"}],"wp:featuredmedia":[{"embeddable":true,"href":"https:\/\/france-empires.com\/index.php\/wp-json\/wp\/v2\/media\/3417"}],"wp:attachment":[{"href":"https:\/\/france-empires.com\/index.php\/wp-json\/wp\/v2\/media?parent=3416"}],"wp:term":[{"taxonomy":"product_brand","embeddable":true,"href":"https:\/\/france-empires.com\/index.php\/wp-json\/wp\/v2\/product_brand?post=3416"},{"taxonomy":"product_cat","embeddable":true,"href":"https:\/\/france-empires.com\/index.php\/wp-json\/wp\/v2\/product_cat?post=3416"},{"taxonomy":"product_tag","embeddable":true,"href":"https:\/\/france-empires.com\/index.php\/wp-json\/wp\/v2\/product_tag?post=3416"}],"curies":[{"name":"wp","href":"https:\/\/api.w.org\/{rel}","templated":true}]}}