{"id":3421,"date":"2023-05-07T19:00:58","date_gmt":"2023-05-07T17:00:58","guid":{"rendered":"https:\/\/france-empires.com\/?post_type=product&#038;p=3421"},"modified":"2023-05-23T13:49:27","modified_gmt":"2023-05-23T11:49:27","slug":"officier-4e-classe-de-lordre-du-lion-et-du-soleil","status":"publish","type":"product","link":"https:\/\/france-empires.com\/index.php\/produit\/officier-4e-classe-de-lordre-du-lion-et-du-soleil\/","title":{"rendered":"officier (4e classe) de l&rsquo;ordre du Lion et du Soleil"},"content":{"rendered":"<p>Superbe mod\u00e8le ancien (2nde moitie du 19e)<\/p>\n<p>Ruban vert a rosette<\/p>\n<p>Emails intacts<\/p>\n<p>Ecrin en velours violet<\/p>\n<p>La provenance sera r\u00e9v\u00e9l\u00e9e a l&rsquo;acheteur<\/p>\n","protected":false},"excerpt":{"rendered":"<p>Superbe mod\u00e8le ancien (2nde moitie du 19e) Ruban vert a rosette Emails intacts Ecrin en velours violet La provenance sera r\u00e9v\u00e9l\u00e9e a l&rsquo;acheteur<\/p>\n","protected":false},"featured_media":3429,"template":"","meta":[],"product_brand":[],"product_cat":[41,23,42],"product_tag":[],"class_list":{"0":"post-3421","1":"product","2":"type-product","3":"status-publish","4":"has-post-thumbnail","6":"product_cat-civiles","7":"product_cat-medailles-et-decorations","8":"product_cat-militaires","9":"pa_statut-vendu","11":"first","12":"outofstock","13":"taxable","14":"shipping-taxable","15":"product-type-simple"},"_links":{"self":[{"href":"https:\/\/france-empires.com\/index.php\/wp-json\/wp\/v2\/product\/3421","targetHints":{"allow":["GET"]}}],"collection":[{"href":"https:\/\/france-empires.com\/index.php\/wp-json\/wp\/v2\/product"}],"about":[{"href":"https:\/\/france-empires.com\/index.php\/wp-json\/wp\/v2\/types\/product"}],"wp:featuredmedia":[{"embeddable":true,"href":"https:\/\/france-empires.com\/index.php\/wp-json\/wp\/v2\/media\/3429"}],"wp:attachment":[{"href":"https:\/\/france-empires.com\/index.php\/wp-json\/wp\/v2\/media?parent=3421"}],"wp:term":[{"taxonomy":"product_brand","embeddable":true,"href":"https:\/\/france-empires.com\/index.php\/wp-json\/wp\/v2\/product_brand?post=3421"},{"taxonomy":"product_cat","embeddable":true,"href":"https:\/\/france-empires.com\/index.php\/wp-json\/wp\/v2\/product_cat?post=3421"},{"taxonomy":"product_tag","embeddable":true,"href":"https:\/\/france-empires.com\/index.php\/wp-json\/wp\/v2\/product_tag?post=3421"}],"curies":[{"name":"wp","href":"https:\/\/api.w.org\/{rel}","templated":true}]}}