{"id":3423,"date":"2023-05-07T19:00:54","date_gmt":"2023-05-07T17:00:54","guid":{"rendered":"https:\/\/france-empires.com\/?post_type=product&#038;p=3423"},"modified":"2023-12-23T11:56:09","modified_gmt":"2023-12-23T10:56:09","slug":"ruban-de-bachi-du-khivinets-russie-imperiale","status":"publish","type":"product","link":"https:\/\/france-empires.com\/index.php\/produit\/ruban-de-bachi-du-khivinets-russie-imperiale\/","title":{"rendered":"Ruban de bachi du Khivinets, Russie Imp\u00e9riale"},"content":{"rendered":"<p>Superbe et tr\u00e8s rare ruban en soie moir\u00e9e de la canonni\u00e8re de la flotte de la Baltique \u00ab\u00a0Khivinets\u00a0\u00bb<\/p>\n<p>La provenance sera r\u00e9v\u00e9l\u00e9e a l&rsquo;acheteur<\/p>\n","protected":false},"excerpt":{"rendered":"<p>Superbe et tr\u00e8s rare ruban en soie moir\u00e9e de la canonni\u00e8re de la flotte de la Baltique \u00ab\u00a0Khivinets\u00a0\u00bb La provenance sera r\u00e9v\u00e9l\u00e9e a l&rsquo;acheteur<\/p>\n","protected":false},"featured_media":3424,"template":"","meta":[],"product_brand":[],"product_cat":[46,24],"product_tag":[],"class_list":{"0":"post-3423","1":"product","2":"type-product","3":"status-publish","4":"has-post-thumbnail","6":"product_cat-accessoires-et-pieces-detachees-de-coiffures","7":"product_cat-uniformes-et-coiffures","8":"pa_statut-vendu","10":"first","11":"outofstock","12":"product-type-simple"},"_links":{"self":[{"href":"https:\/\/france-empires.com\/index.php\/wp-json\/wp\/v2\/product\/3423","targetHints":{"allow":["GET"]}}],"collection":[{"href":"https:\/\/france-empires.com\/index.php\/wp-json\/wp\/v2\/product"}],"about":[{"href":"https:\/\/france-empires.com\/index.php\/wp-json\/wp\/v2\/types\/product"}],"wp:featuredmedia":[{"embeddable":true,"href":"https:\/\/france-empires.com\/index.php\/wp-json\/wp\/v2\/media\/3424"}],"wp:attachment":[{"href":"https:\/\/france-empires.com\/index.php\/wp-json\/wp\/v2\/media?parent=3423"}],"wp:term":[{"taxonomy":"product_brand","embeddable":true,"href":"https:\/\/france-empires.com\/index.php\/wp-json\/wp\/v2\/product_brand?post=3423"},{"taxonomy":"product_cat","embeddable":true,"href":"https:\/\/france-empires.com\/index.php\/wp-json\/wp\/v2\/product_cat?post=3423"},{"taxonomy":"product_tag","embeddable":true,"href":"https:\/\/france-empires.com\/index.php\/wp-json\/wp\/v2\/product_tag?post=3423"}],"curies":[{"name":"wp","href":"https:\/\/api.w.org\/{rel}","templated":true}]}}