{"id":3442,"date":"2023-05-07T10:00:02","date_gmt":"2023-05-07T08:00:02","guid":{"rendered":"https:\/\/france-empires.com\/?post_type=product&#038;p=3442"},"modified":"2023-05-23T13:48:53","modified_gmt":"2023-05-23T11:48:53","slug":"distinguished-service-order-d-s-o-grv","status":"publish","type":"product","link":"https:\/\/france-empires.com\/index.php\/produit\/distinguished-service-order-d-s-o-grv\/","title":{"rendered":"Distinguished Service Order \u00ab\u00a0D.S.O.\u00a0\u00bb GRV"},"content":{"rendered":"<p>DSO attribu\u00e9e a un officier Fran\u00e7ais lors de la premi\u00e8re guerre mondiale.<\/p>\n<p>Gros \u00e9clat d&#8217;email au revers.<\/p>\n<p>La provenance sera r\u00e9v\u00e9l\u00e9e a l&rsquo;acheteur<\/p>\n","protected":false},"excerpt":{"rendered":"<p>DSO attribu\u00e9e a un officier Fran\u00e7ais lors de la premi\u00e8re guerre mondiale. Gros \u00e9clat d&#8217;email au revers. La provenance sera r\u00e9v\u00e9l\u00e9e a l&rsquo;acheteur<\/p>\n","protected":false},"featured_media":3443,"template":"","meta":[],"product_brand":[],"product_cat":[23,42],"product_tag":[],"class_list":{"0":"post-3442","1":"product","2":"type-product","3":"status-publish","4":"has-post-thumbnail","6":"product_cat-medailles-et-decorations","7":"product_cat-militaires","8":"pa_statut-vendu","10":"first","11":"outofstock","12":"product-type-simple"},"_links":{"self":[{"href":"https:\/\/france-empires.com\/index.php\/wp-json\/wp\/v2\/product\/3442","targetHints":{"allow":["GET"]}}],"collection":[{"href":"https:\/\/france-empires.com\/index.php\/wp-json\/wp\/v2\/product"}],"about":[{"href":"https:\/\/france-empires.com\/index.php\/wp-json\/wp\/v2\/types\/product"}],"wp:featuredmedia":[{"embeddable":true,"href":"https:\/\/france-empires.com\/index.php\/wp-json\/wp\/v2\/media\/3443"}],"wp:attachment":[{"href":"https:\/\/france-empires.com\/index.php\/wp-json\/wp\/v2\/media?parent=3442"}],"wp:term":[{"taxonomy":"product_brand","embeddable":true,"href":"https:\/\/france-empires.com\/index.php\/wp-json\/wp\/v2\/product_brand?post=3442"},{"taxonomy":"product_cat","embeddable":true,"href":"https:\/\/france-empires.com\/index.php\/wp-json\/wp\/v2\/product_cat?post=3442"},{"taxonomy":"product_tag","embeddable":true,"href":"https:\/\/france-empires.com\/index.php\/wp-json\/wp\/v2\/product_tag?post=3442"}],"curies":[{"name":"wp","href":"https:\/\/api.w.org\/{rel}","templated":true}]}}