{"id":3472,"date":"2023-05-14T19:00:04","date_gmt":"2023-05-14T17:00:04","guid":{"rendered":"https:\/\/france-empires.com\/?post_type=product&#038;p=3472"},"modified":"2023-07-27T20:09:51","modified_gmt":"2023-07-27T18:09:51","slug":"lot-de-trois-livrets-militaires-et-documents-divers-troisieme-republique","status":"publish","type":"product","link":"https:\/\/france-empires.com\/index.php\/produit\/lot-de-trois-livrets-militaires-et-documents-divers-troisieme-republique\/","title":{"rendered":"Lot de trois livrets militaires et documents divers, Troisi\u00e8me R\u00e9publique"},"content":{"rendered":"<p>Lot de m\u00eame provenance \/ famille, de 3 livrets des<\/p>\n<ul>\n<li>61eme R\u00e9giment d&rsquo;Infanterie<\/li>\n<li>69eme R\u00e9giment d&rsquo;Infanterie<\/li>\n<li>85eme R\u00e9giment d&rsquo;Infanterie<\/li>\n<\/ul>\n<p>Nombreux autres documents, voir photos<\/p>\n","protected":false},"excerpt":{"rendered":"<p>Lot de m\u00eame provenance \/ famille, de 3 livrets des 61eme R\u00e9giment d&rsquo;Infanterie 69eme R\u00e9giment d&rsquo;Infanterie 85eme R\u00e9giment d&rsquo;Infanterie Nombreux autres documents, voir photos<\/p>\n","protected":false},"featured_media":3493,"template":"","meta":[],"product_brand":[],"product_cat":[26],"product_tag":[],"class_list":{"0":"post-3472","1":"product","2":"type-product","3":"status-publish","4":"has-post-thumbnail","6":"product_cat-librairie-documents-et-photos","7":"pa_statut-disponible","9":"first","10":"outofstock","11":"product-type-simple"},"_links":{"self":[{"href":"https:\/\/france-empires.com\/index.php\/wp-json\/wp\/v2\/product\/3472","targetHints":{"allow":["GET"]}}],"collection":[{"href":"https:\/\/france-empires.com\/index.php\/wp-json\/wp\/v2\/product"}],"about":[{"href":"https:\/\/france-empires.com\/index.php\/wp-json\/wp\/v2\/types\/product"}],"wp:featuredmedia":[{"embeddable":true,"href":"https:\/\/france-empires.com\/index.php\/wp-json\/wp\/v2\/media\/3493"}],"wp:attachment":[{"href":"https:\/\/france-empires.com\/index.php\/wp-json\/wp\/v2\/media?parent=3472"}],"wp:term":[{"taxonomy":"product_brand","embeddable":true,"href":"https:\/\/france-empires.com\/index.php\/wp-json\/wp\/v2\/product_brand?post=3472"},{"taxonomy":"product_cat","embeddable":true,"href":"https:\/\/france-empires.com\/index.php\/wp-json\/wp\/v2\/product_cat?post=3472"},{"taxonomy":"product_tag","embeddable":true,"href":"https:\/\/france-empires.com\/index.php\/wp-json\/wp\/v2\/product_tag?post=3472"}],"curies":[{"name":"wp","href":"https:\/\/api.w.org\/{rel}","templated":true}]}}