{"id":3520,"date":"2023-05-14T19:00:44","date_gmt":"2023-05-14T17:00:44","guid":{"rendered":"https:\/\/france-empires.com\/?post_type=product&#038;p=3520"},"modified":"2023-06-12T18:54:51","modified_gmt":"2023-06-12T16:54:51","slug":"dinner-ration-type-k","status":"publish","type":"product","link":"https:\/\/france-empires.com\/index.php\/produit\/dinner-ration-type-k\/","title":{"rendered":"Dinner Ration Type K"},"content":{"rendered":"<p>Cartons ext\u00e9rieur et int\u00e9rieur, deuxi\u00e8me type.<\/p>\n<p>Vide&#8230;<\/p>\n<p>Une des pattes de fermeture est d\u00e9solidaris\u00e9e du carton, mais confirme bien la date de la ration, 1944&#8230;<\/p>\n<p>Marquage \u00ab\u00a04 FO-44 13\u00a0\u00bb<\/p>\n","protected":false},"excerpt":{"rendered":"<p>Cartons ext\u00e9rieur et int\u00e9rieur, deuxi\u00e8me type. Vide&#8230; Une des pattes de fermeture est d\u00e9solidaris\u00e9e du carton, mais confirme bien la date de la ration, 1944&#8230; Marquage \u00ab\u00a04 FO-44 13\u00a0\u00bb<\/p>\n","protected":false},"featured_media":3528,"template":"","meta":[],"product_brand":[],"product_cat":[53,25,52],"product_tag":[],"class_list":{"0":"post-3520","1":"product","2":"type-product","3":"status-publish","4":"has-post-thumbnail","6":"product_cat-autres-equipements-individuels-et-collectifs","7":"product_cat-equipements","8":"product_cat-petit-equipement-tabac-toilette-etc","9":"pa_statut-disponible","11":"first","12":"outofstock","13":"product-type-simple"},"_links":{"self":[{"href":"https:\/\/france-empires.com\/index.php\/wp-json\/wp\/v2\/product\/3520","targetHints":{"allow":["GET"]}}],"collection":[{"href":"https:\/\/france-empires.com\/index.php\/wp-json\/wp\/v2\/product"}],"about":[{"href":"https:\/\/france-empires.com\/index.php\/wp-json\/wp\/v2\/types\/product"}],"wp:featuredmedia":[{"embeddable":true,"href":"https:\/\/france-empires.com\/index.php\/wp-json\/wp\/v2\/media\/3528"}],"wp:attachment":[{"href":"https:\/\/france-empires.com\/index.php\/wp-json\/wp\/v2\/media?parent=3520"}],"wp:term":[{"taxonomy":"product_brand","embeddable":true,"href":"https:\/\/france-empires.com\/index.php\/wp-json\/wp\/v2\/product_brand?post=3520"},{"taxonomy":"product_cat","embeddable":true,"href":"https:\/\/france-empires.com\/index.php\/wp-json\/wp\/v2\/product_cat?post=3520"},{"taxonomy":"product_tag","embeddable":true,"href":"https:\/\/france-empires.com\/index.php\/wp-json\/wp\/v2\/product_tag?post=3520"}],"curies":[{"name":"wp","href":"https:\/\/api.w.org\/{rel}","templated":true}]}}