{"id":3725,"date":"2023-05-21T19:00:05","date_gmt":"2023-05-21T17:00:05","guid":{"rendered":"https:\/\/france-empires.com\/?post_type=product&#038;p=3725"},"modified":"2023-05-23T13:49:44","modified_gmt":"2023-05-23T11:49:44","slug":"kepi-de-lieutenant-du-14eme-rta","status":"publish","type":"product","link":"https:\/\/france-empires.com\/index.php\/produit\/kepi-de-lieutenant-du-14eme-rta\/","title":{"rendered":"Kepi de lieutenant du 14eme RTA"},"content":{"rendered":"<p>Bon k\u00e9pi en parfait \u00e9tat.<\/p>\n<p>Num\u00e9ro de r\u00e9giment et croissant brod\u00e9s.<\/p>\n<p>Epoque INDO-Alg\u00e9rie<\/p>\n","protected":false},"excerpt":{"rendered":"<p>Bon k\u00e9pi en parfait \u00e9tat. Num\u00e9ro de r\u00e9giment et croissant brod\u00e9s. Epoque INDO-Alg\u00e9rie<\/p>\n","protected":false},"featured_media":3729,"template":"","meta":[],"product_brand":[],"product_cat":[45,24],"product_tag":[],"class_list":{"0":"post-3725","1":"product","2":"type-product","3":"status-publish","4":"has-post-thumbnail","6":"product_cat-coiffures-casques-kepis-shakos-etc","7":"product_cat-uniformes-et-coiffures","8":"pa_statut-disponible","10":"first","11":"outofstock","12":"product-type-simple"},"_links":{"self":[{"href":"https:\/\/france-empires.com\/index.php\/wp-json\/wp\/v2\/product\/3725","targetHints":{"allow":["GET"]}}],"collection":[{"href":"https:\/\/france-empires.com\/index.php\/wp-json\/wp\/v2\/product"}],"about":[{"href":"https:\/\/france-empires.com\/index.php\/wp-json\/wp\/v2\/types\/product"}],"wp:featuredmedia":[{"embeddable":true,"href":"https:\/\/france-empires.com\/index.php\/wp-json\/wp\/v2\/media\/3729"}],"wp:attachment":[{"href":"https:\/\/france-empires.com\/index.php\/wp-json\/wp\/v2\/media?parent=3725"}],"wp:term":[{"taxonomy":"product_brand","embeddable":true,"href":"https:\/\/france-empires.com\/index.php\/wp-json\/wp\/v2\/product_brand?post=3725"},{"taxonomy":"product_cat","embeddable":true,"href":"https:\/\/france-empires.com\/index.php\/wp-json\/wp\/v2\/product_cat?post=3725"},{"taxonomy":"product_tag","embeddable":true,"href":"https:\/\/france-empires.com\/index.php\/wp-json\/wp\/v2\/product_tag?post=3725"}],"curies":[{"name":"wp","href":"https:\/\/api.w.org\/{rel}","templated":true}]}}