{"id":3761,"date":"2023-05-21T19:00:14","date_gmt":"2023-05-21T17:00:14","guid":{"rendered":"https:\/\/france-empires.com\/?post_type=product&#038;p=3761"},"modified":"2023-05-18T20:06:46","modified_gmt":"2023-05-18T18:06:46","slug":"grande-miniature-sur-porcelaine-du-general-boulanger","status":"publish","type":"product","link":"https:\/\/france-empires.com\/index.php\/produit\/grande-miniature-sur-porcelaine-du-general-boulanger\/","title":{"rendered":"Grande miniature sur porcelaine du General BOULANGER"},"content":{"rendered":"<p>Superbe et rare grande miniature<\/p>\n<p>Tr\u00e8s fine d&rsquo;ex\u00e9cution<\/p>\n<p>Cet illustre g\u00e9n\u00e9ral est repr\u00e9sent\u00e9 en dolman et k\u00e9pi brod\u00e9, visi\u00e8re carr\u00e9e<\/p>\n<p>Cadre en bois dor\u00e9.<\/p>\n<p>Dimension de la miniature 15 x 21 cm<\/p>\n","protected":false},"excerpt":{"rendered":"<p>Superbe et rare grande miniature Tr\u00e8s fine d&rsquo;ex\u00e9cution Cet illustre g\u00e9n\u00e9ral est repr\u00e9sent\u00e9 en dolman et k\u00e9pi brod\u00e9, visi\u00e8re carr\u00e9e Cadre en bois dor\u00e9. Dimension de la miniature 15 x 21 cm<\/p>\n","protected":false},"featured_media":3762,"template":"","meta":[],"product_brand":[],"product_cat":[28,26],"product_tag":[],"class_list":{"0":"post-3761","1":"product","2":"type-product","3":"status-publish","4":"has-post-thumbnail","6":"product_cat-antiquites-et-autres-collections","7":"product_cat-librairie-documents-et-photos","8":"pa_statut-disponible","10":"first","11":"instock","12":"purchasable","13":"product-type-simple"},"_links":{"self":[{"href":"https:\/\/france-empires.com\/index.php\/wp-json\/wp\/v2\/product\/3761","targetHints":{"allow":["GET"]}}],"collection":[{"href":"https:\/\/france-empires.com\/index.php\/wp-json\/wp\/v2\/product"}],"about":[{"href":"https:\/\/france-empires.com\/index.php\/wp-json\/wp\/v2\/types\/product"}],"wp:featuredmedia":[{"embeddable":true,"href":"https:\/\/france-empires.com\/index.php\/wp-json\/wp\/v2\/media\/3762"}],"wp:attachment":[{"href":"https:\/\/france-empires.com\/index.php\/wp-json\/wp\/v2\/media?parent=3761"}],"wp:term":[{"taxonomy":"product_brand","embeddable":true,"href":"https:\/\/france-empires.com\/index.php\/wp-json\/wp\/v2\/product_brand?post=3761"},{"taxonomy":"product_cat","embeddable":true,"href":"https:\/\/france-empires.com\/index.php\/wp-json\/wp\/v2\/product_cat?post=3761"},{"taxonomy":"product_tag","embeddable":true,"href":"https:\/\/france-empires.com\/index.php\/wp-json\/wp\/v2\/product_tag?post=3761"}],"curies":[{"name":"wp","href":"https:\/\/api.w.org\/{rel}","templated":true}]}}