{"id":3809,"date":"2023-05-21T19:00:59","date_gmt":"2023-05-21T17:00:59","guid":{"rendered":"https:\/\/france-empires.com\/?post_type=product&#038;p=3809"},"modified":"2023-06-12T18:57:22","modified_gmt":"2023-06-12T16:57:22","slug":"baio-gb-modele-1907","status":"publish","type":"product","link":"https:\/\/france-empires.com\/index.php\/produit\/baio-gb-modele-1907\/","title":{"rendered":"Baio GB modele 1907"},"content":{"rendered":"<p>Ba\u00efonnette Enfield 1907<\/p>\n<p>Elle est en BE-TBE, a nettoyer.<\/p>\n<p>dat\u00e9e 1914 et fabriqu\u00e9e par EFD (royal Arms Factory, Enfield)<\/p>\n","protected":false},"excerpt":{"rendered":"<p>Ba\u00efonnette Enfield 1907 Elle est en BE-TBE, a nettoyer. dat\u00e9e 1914 et fabriqu\u00e9e par EFD (royal Arms Factory, Enfield)<\/p>\n","protected":false},"featured_media":3811,"template":"","meta":[],"product_brand":[],"product_cat":[76,84],"product_tag":[],"class_list":{"0":"post-3809","1":"product","2":"type-product","3":"status-publish","4":"has-post-thumbnail","6":"product_cat-armes-anciennes","7":"product_cat-baionnettes","8":"pa_statut-disponible","10":"first","11":"outofstock","12":"product-type-simple"},"_links":{"self":[{"href":"https:\/\/france-empires.com\/index.php\/wp-json\/wp\/v2\/product\/3809","targetHints":{"allow":["GET"]}}],"collection":[{"href":"https:\/\/france-empires.com\/index.php\/wp-json\/wp\/v2\/product"}],"about":[{"href":"https:\/\/france-empires.com\/index.php\/wp-json\/wp\/v2\/types\/product"}],"wp:featuredmedia":[{"embeddable":true,"href":"https:\/\/france-empires.com\/index.php\/wp-json\/wp\/v2\/media\/3811"}],"wp:attachment":[{"href":"https:\/\/france-empires.com\/index.php\/wp-json\/wp\/v2\/media?parent=3809"}],"wp:term":[{"taxonomy":"product_brand","embeddable":true,"href":"https:\/\/france-empires.com\/index.php\/wp-json\/wp\/v2\/product_brand?post=3809"},{"taxonomy":"product_cat","embeddable":true,"href":"https:\/\/france-empires.com\/index.php\/wp-json\/wp\/v2\/product_cat?post=3809"},{"taxonomy":"product_tag","embeddable":true,"href":"https:\/\/france-empires.com\/index.php\/wp-json\/wp\/v2\/product_tag?post=3809"}],"curies":[{"name":"wp","href":"https:\/\/api.w.org\/{rel}","templated":true}]}}