{"id":3831,"date":"2023-05-21T19:00:47","date_gmt":"2023-05-21T17:00:47","guid":{"rendered":"https:\/\/france-empires.com\/?post_type=product&#038;p=3831"},"modified":"2024-03-01T15:49:26","modified_gmt":"2024-03-01T14:49:26","slug":"gourde-en-coloquinte-napoleon","status":"publish","type":"product","link":"https:\/\/france-empires.com\/index.php\/produit\/gourde-en-coloquinte-napoleon\/","title":{"rendered":"Gourde en coloquinte, Napol\u00e9on"},"content":{"rendered":"<p>Gourde en coloquinte<\/p>\n<p>Grav\u00e9e na\u00efvement de deux personnages : Napol\u00e9on et un officier (Napol\u00e9on 3 ?)<\/p>\n<p>Sur l&rsquo;autre face, des d\u00e9cors g\u00e9om\u00e9triques<\/p>\n<p>en TBE avec avec sa courroie mais sans bouchon<\/p>\n","protected":false},"excerpt":{"rendered":"<p>Gourde en coloquinte Grav\u00e9e na\u00efvement de deux personnages : Napol\u00e9on et un officier (Napol\u00e9on 3 ?) Sur l&rsquo;autre face, des d\u00e9cors g\u00e9om\u00e9triques en TBE avec avec sa courroie mais sans bouchon<\/p>\n","protected":false},"featured_media":3833,"template":"","meta":[],"product_brand":[],"product_cat":[28,25,51],"product_tag":[],"class_list":{"0":"post-3831","1":"product","2":"type-product","3":"status-publish","4":"has-post-thumbnail","6":"product_cat-antiquites-et-autres-collections","7":"product_cat-equipements","8":"product_cat-equipements-du-soldat-pour-le-combat-ceinturons-cartouchieres-sac-a-dos-etc","9":"pa_statut-vendu","11":"first","12":"outofstock","13":"product-type-simple"},"_links":{"self":[{"href":"https:\/\/france-empires.com\/index.php\/wp-json\/wp\/v2\/product\/3831","targetHints":{"allow":["GET"]}}],"collection":[{"href":"https:\/\/france-empires.com\/index.php\/wp-json\/wp\/v2\/product"}],"about":[{"href":"https:\/\/france-empires.com\/index.php\/wp-json\/wp\/v2\/types\/product"}],"wp:featuredmedia":[{"embeddable":true,"href":"https:\/\/france-empires.com\/index.php\/wp-json\/wp\/v2\/media\/3833"}],"wp:attachment":[{"href":"https:\/\/france-empires.com\/index.php\/wp-json\/wp\/v2\/media?parent=3831"}],"wp:term":[{"taxonomy":"product_brand","embeddable":true,"href":"https:\/\/france-empires.com\/index.php\/wp-json\/wp\/v2\/product_brand?post=3831"},{"taxonomy":"product_cat","embeddable":true,"href":"https:\/\/france-empires.com\/index.php\/wp-json\/wp\/v2\/product_cat?post=3831"},{"taxonomy":"product_tag","embeddable":true,"href":"https:\/\/france-empires.com\/index.php\/wp-json\/wp\/v2\/product_tag?post=3831"}],"curies":[{"name":"wp","href":"https:\/\/api.w.org\/{rel}","templated":true}]}}