{"id":3915,"date":"2023-06-04T19:00:16","date_gmt":"2023-06-04T17:00:16","guid":{"rendered":"https:\/\/france-empires.com\/?post_type=product&#038;p=3915"},"modified":"2024-05-16T22:32:17","modified_gmt":"2024-05-16T20:32:17","slug":"sabretache-dofficier-de-cavalerie-legere-second-empire","status":"publish","type":"product","link":"https:\/\/france-empires.com\/index.php\/produit\/sabretache-dofficier-de-cavalerie-legere-second-empire\/","title":{"rendered":"Sabretache d&rsquo;officier de cavalerie l\u00e9g\u00e8re, Second Empire"},"content":{"rendered":"<p>Mod\u00e8le d&rsquo;\u00e9poque Monarchie de Juillet ayant \u00e9t\u00e9 reperc\u00e9e (trous rebouch\u00e9s d&rsquo;\u00e9poque) pour recevoir une plaque a l&rsquo;aigle couronn\u00e9e en 1854.<\/p>\n<p>En bel \u00e9tat, la charni\u00e8re a \u00e9t\u00e9 recousue.<\/p>\n","protected":false},"excerpt":{"rendered":"<p>Mod\u00e8le d&rsquo;\u00e9poque Monarchie de Juillet ayant \u00e9t\u00e9 reperc\u00e9e (trous rebouch\u00e9s d&rsquo;\u00e9poque) pour recevoir une plaque a l&rsquo;aigle couronn\u00e9e en 1854. En bel \u00e9tat, la charni\u00e8re a \u00e9t\u00e9 recousue.<\/p>\n","protected":false},"featured_media":3919,"template":"","meta":[],"product_brand":[],"product_cat":[25,51],"product_tag":[],"class_list":{"0":"post-3915","1":"product","2":"type-product","3":"status-publish","4":"has-post-thumbnail","6":"product_cat-equipements","7":"product_cat-equipements-du-soldat-pour-le-combat-ceinturons-cartouchieres-sac-a-dos-etc","8":"pa_statut-vendu","10":"first","11":"outofstock","12":"product-type-simple"},"_links":{"self":[{"href":"https:\/\/france-empires.com\/index.php\/wp-json\/wp\/v2\/product\/3915","targetHints":{"allow":["GET"]}}],"collection":[{"href":"https:\/\/france-empires.com\/index.php\/wp-json\/wp\/v2\/product"}],"about":[{"href":"https:\/\/france-empires.com\/index.php\/wp-json\/wp\/v2\/types\/product"}],"wp:featuredmedia":[{"embeddable":true,"href":"https:\/\/france-empires.com\/index.php\/wp-json\/wp\/v2\/media\/3919"}],"wp:attachment":[{"href":"https:\/\/france-empires.com\/index.php\/wp-json\/wp\/v2\/media?parent=3915"}],"wp:term":[{"taxonomy":"product_brand","embeddable":true,"href":"https:\/\/france-empires.com\/index.php\/wp-json\/wp\/v2\/product_brand?post=3915"},{"taxonomy":"product_cat","embeddable":true,"href":"https:\/\/france-empires.com\/index.php\/wp-json\/wp\/v2\/product_cat?post=3915"},{"taxonomy":"product_tag","embeddable":true,"href":"https:\/\/france-empires.com\/index.php\/wp-json\/wp\/v2\/product_tag?post=3915"}],"curies":[{"name":"wp","href":"https:\/\/api.w.org\/{rel}","templated":true}]}}