{"id":3969,"date":"2023-06-11T19:00:26","date_gmt":"2023-06-11T17:00:26","guid":{"rendered":"https:\/\/france-empires.com\/?post_type=product&#038;p=3969"},"modified":"2023-07-11T21:53:27","modified_gmt":"2023-07-11T19:53:27","slug":"bidon-2-litres-ersatz","status":"publish","type":"product","link":"https:\/\/france-empires.com\/index.php\/produit\/bidon-2-litres-ersatz\/","title":{"rendered":"Bidon 2 litres ersatz"},"content":{"rendered":"<p>Tr\u00e8s bel \u00e9tat, velours c\u00f4tel\u00e9 non abim\u00e9, complet de sa sangle et ses bouchons.<\/p>\n<p>Etiquettes de r\u00e9ception 12e ou 42e (?) R\u00e9giment d&rsquo;Infanterie de Ligne.<\/p>\n","protected":false},"excerpt":{"rendered":"<p>Tr\u00e8s bel \u00e9tat, velours c\u00f4tel\u00e9 non abim\u00e9, complet de sa sangle et ses bouchons. Etiquettes de r\u00e9ception 12e ou 42e (?) R\u00e9giment d&rsquo;Infanterie de Ligne.<\/p>\n","protected":false},"featured_media":3972,"template":"","meta":[],"product_brand":[],"product_cat":[25,51],"product_tag":[],"class_list":{"0":"post-3969","1":"product","2":"type-product","3":"status-publish","4":"has-post-thumbnail","6":"product_cat-equipements","7":"product_cat-equipements-du-soldat-pour-le-combat-ceinturons-cartouchieres-sac-a-dos-etc","8":"pa_statut-vendu","10":"first","11":"outofstock","12":"product-type-simple"},"_links":{"self":[{"href":"https:\/\/france-empires.com\/index.php\/wp-json\/wp\/v2\/product\/3969","targetHints":{"allow":["GET"]}}],"collection":[{"href":"https:\/\/france-empires.com\/index.php\/wp-json\/wp\/v2\/product"}],"about":[{"href":"https:\/\/france-empires.com\/index.php\/wp-json\/wp\/v2\/types\/product"}],"wp:featuredmedia":[{"embeddable":true,"href":"https:\/\/france-empires.com\/index.php\/wp-json\/wp\/v2\/media\/3972"}],"wp:attachment":[{"href":"https:\/\/france-empires.com\/index.php\/wp-json\/wp\/v2\/media?parent=3969"}],"wp:term":[{"taxonomy":"product_brand","embeddable":true,"href":"https:\/\/france-empires.com\/index.php\/wp-json\/wp\/v2\/product_brand?post=3969"},{"taxonomy":"product_cat","embeddable":true,"href":"https:\/\/france-empires.com\/index.php\/wp-json\/wp\/v2\/product_cat?post=3969"},{"taxonomy":"product_tag","embeddable":true,"href":"https:\/\/france-empires.com\/index.php\/wp-json\/wp\/v2\/product_tag?post=3969"}],"curies":[{"name":"wp","href":"https:\/\/api.w.org\/{rel}","templated":true}]}}