{"id":4038,"date":"2023-06-18T19:00:28","date_gmt":"2023-06-18T17:00:28","guid":{"rendered":"https:\/\/france-empires.com\/?post_type=product&#038;p=4038"},"modified":"2023-11-12T23:34:53","modified_gmt":"2023-11-12T22:34:53","slug":"shako-dofficier-dartillerie-second-empire","status":"publish","type":"product","link":"https:\/\/france-empires.com\/index.php\/produit\/shako-dofficier-dartillerie-second-empire\/","title":{"rendered":"Shako d&rsquo;officier d&rsquo;artillerie, Second Empire"},"content":{"rendered":"<p>Beau shako jus<\/p>\n<p>Petit accident a la visi\u00e8re, et int\u00e9rieur un peu fatigu\u00e9, mais garde une excellente pr\u00e9sentation<\/p>\n","protected":false},"excerpt":{"rendered":"<p>Beau shako jus Petit accident a la visi\u00e8re, et int\u00e9rieur un peu fatigu\u00e9, mais garde une excellente pr\u00e9sentation<\/p>\n","protected":false},"featured_media":4039,"template":"","meta":[],"product_brand":[],"product_cat":[45,24],"product_tag":[],"class_list":{"0":"post-4038","1":"product","2":"type-product","3":"status-publish","4":"has-post-thumbnail","6":"product_cat-coiffures-casques-kepis-shakos-etc","7":"product_cat-uniformes-et-coiffures","8":"pa_statut-vendu","10":"first","11":"outofstock","12":"product-type-simple"},"_links":{"self":[{"href":"https:\/\/france-empires.com\/index.php\/wp-json\/wp\/v2\/product\/4038","targetHints":{"allow":["GET"]}}],"collection":[{"href":"https:\/\/france-empires.com\/index.php\/wp-json\/wp\/v2\/product"}],"about":[{"href":"https:\/\/france-empires.com\/index.php\/wp-json\/wp\/v2\/types\/product"}],"wp:featuredmedia":[{"embeddable":true,"href":"https:\/\/france-empires.com\/index.php\/wp-json\/wp\/v2\/media\/4039"}],"wp:attachment":[{"href":"https:\/\/france-empires.com\/index.php\/wp-json\/wp\/v2\/media?parent=4038"}],"wp:term":[{"taxonomy":"product_brand","embeddable":true,"href":"https:\/\/france-empires.com\/index.php\/wp-json\/wp\/v2\/product_brand?post=4038"},{"taxonomy":"product_cat","embeddable":true,"href":"https:\/\/france-empires.com\/index.php\/wp-json\/wp\/v2\/product_cat?post=4038"},{"taxonomy":"product_tag","embeddable":true,"href":"https:\/\/france-empires.com\/index.php\/wp-json\/wp\/v2\/product_tag?post=4038"}],"curies":[{"name":"wp","href":"https:\/\/api.w.org\/{rel}","templated":true}]}}