{"id":4048,"date":"2023-06-18T19:00:25","date_gmt":"2023-06-18T17:00:25","guid":{"rendered":"https:\/\/france-empires.com\/?post_type=product&#038;p=4048"},"modified":"2023-06-23T15:22:46","modified_gmt":"2023-06-23T13:22:46","slug":"tunique-de-liuetenant-de-la-garde-nationale-mobile-second-empire","status":"publish","type":"product","link":"https:\/\/france-empires.com\/index.php\/produit\/tunique-de-liuetenant-de-la-garde-nationale-mobile-second-empire\/","title":{"rendered":"Tunique de lieutenant de la Garde Nationale Mobile, Second Empire"},"content":{"rendered":"<p>Tunique globalement en TBE<\/p>\n<p>Tous les boutons sont pr\u00e9sents<\/p>\n<p>Martingale de serrage au dos<\/p>\n<p>Galons en fers de lance doubles volutes sur les manches.<\/p>\n<p>Drap en TBE, sauf quelques trous, dont un gros du cot\u00e9 de l&rsquo;\u00e9paule droite. Peut-\u00eatre une blessure par balle&#8230;<\/p>\n<p>Tunique de grande taille, parfaite pour mannequin m\u00eame moderne !<\/p>\n","protected":false},"excerpt":{"rendered":"<p>Tunique globalement en TBE Tous les boutons sont pr\u00e9sents Martingale de serrage au dos Galons en fers de lance doubles volutes sur les manches. Drap en TBE, sauf quelques trous, dont un gros du cot\u00e9 de l&rsquo;\u00e9paule droite. Peut-\u00eatre une blessure par balle&#8230; Tunique de grande taille, parfaite pour mannequin m\u00eame&hellip;<\/p>\n","protected":false},"featured_media":4049,"template":"","meta":[],"product_brand":[],"product_cat":[47,24],"product_tag":[],"class_list":{"0":"post-4048","1":"product","2":"type-product","3":"status-publish","4":"has-post-thumbnail","6":"product_cat-uniformes-complets-et-elements-seuls","7":"product_cat-uniformes-et-coiffures","8":"pa_statut-disponible","10":"first","11":"outofstock","12":"product-type-simple"},"_links":{"self":[{"href":"https:\/\/france-empires.com\/index.php\/wp-json\/wp\/v2\/product\/4048","targetHints":{"allow":["GET"]}}],"collection":[{"href":"https:\/\/france-empires.com\/index.php\/wp-json\/wp\/v2\/product"}],"about":[{"href":"https:\/\/france-empires.com\/index.php\/wp-json\/wp\/v2\/types\/product"}],"wp:featuredmedia":[{"embeddable":true,"href":"https:\/\/france-empires.com\/index.php\/wp-json\/wp\/v2\/media\/4049"}],"wp:attachment":[{"href":"https:\/\/france-empires.com\/index.php\/wp-json\/wp\/v2\/media?parent=4048"}],"wp:term":[{"taxonomy":"product_brand","embeddable":true,"href":"https:\/\/france-empires.com\/index.php\/wp-json\/wp\/v2\/product_brand?post=4048"},{"taxonomy":"product_cat","embeddable":true,"href":"https:\/\/france-empires.com\/index.php\/wp-json\/wp\/v2\/product_cat?post=4048"},{"taxonomy":"product_tag","embeddable":true,"href":"https:\/\/france-empires.com\/index.php\/wp-json\/wp\/v2\/product_tag?post=4048"}],"curies":[{"name":"wp","href":"https:\/\/api.w.org\/{rel}","templated":true}]}}