{"id":4117,"date":"2023-06-18T19:00:13","date_gmt":"2023-06-18T17:00:13","guid":{"rendered":"https:\/\/france-empires.com\/?post_type=product&#038;p=4117"},"modified":"2024-02-01T17:10:16","modified_gmt":"2024-02-01T16:10:16","slug":"casque-pointe-saxe-modele-1915-spikehelmet-saxen-pickelhaube","status":"publish","type":"product","link":"https:\/\/france-empires.com\/index.php\/produit\/casque-pointe-saxe-modele-1915-spikehelmet-saxen-pickelhaube\/","title":{"rendered":"Casque pointe Saxon mod\u00e8le 1915, Spikehelmet Saxen, Pickelhaube"},"content":{"rendered":"<p>Casque en TBE<\/p>\n<p>Garnitures et jugulaires OK<\/p>\n<p>Cocardes copies, pas au mod\u00e8le.<\/p>\n<p>Marquages de magasin d&rsquo;habillement (BA XII ou XIII)<\/p>\n<p>Nom du soldat m\u00e9ritant quelques recherches<\/p>\n<p>Belle coiffure bien en forme, cuir ni d\u00e9form\u00e9 ni reperc\u00e9, int\u00e9rieur souple.<\/p>\n<p>&nbsp;<\/p>\n","protected":false},"excerpt":{"rendered":"<p>Casque en TBE Garnitures et jugulaires OK Cocardes copies, pas au mod\u00e8le. Marquages de magasin d&rsquo;habillement (BA XII ou XIII) Nom du soldat m\u00e9ritant quelques recherches Belle coiffure bien en forme, cuir ni d\u00e9form\u00e9 ni reperc\u00e9, int\u00e9rieur souple. &nbsp;<\/p>\n","protected":false},"featured_media":4118,"template":"","meta":[],"product_brand":[],"product_cat":[45,24],"product_tag":[],"class_list":{"0":"post-4117","1":"product","2":"type-product","3":"status-publish","4":"has-post-thumbnail","6":"product_cat-coiffures-casques-kepis-shakos-etc","7":"product_cat-uniformes-et-coiffures","8":"pa_statut-reserved","10":"first","11":"outofstock","12":"taxable","13":"shipping-taxable","14":"product-type-simple"},"_links":{"self":[{"href":"https:\/\/france-empires.com\/index.php\/wp-json\/wp\/v2\/product\/4117","targetHints":{"allow":["GET"]}}],"collection":[{"href":"https:\/\/france-empires.com\/index.php\/wp-json\/wp\/v2\/product"}],"about":[{"href":"https:\/\/france-empires.com\/index.php\/wp-json\/wp\/v2\/types\/product"}],"wp:featuredmedia":[{"embeddable":true,"href":"https:\/\/france-empires.com\/index.php\/wp-json\/wp\/v2\/media\/4118"}],"wp:attachment":[{"href":"https:\/\/france-empires.com\/index.php\/wp-json\/wp\/v2\/media?parent=4117"}],"wp:term":[{"taxonomy":"product_brand","embeddable":true,"href":"https:\/\/france-empires.com\/index.php\/wp-json\/wp\/v2\/product_brand?post=4117"},{"taxonomy":"product_cat","embeddable":true,"href":"https:\/\/france-empires.com\/index.php\/wp-json\/wp\/v2\/product_cat?post=4117"},{"taxonomy":"product_tag","embeddable":true,"href":"https:\/\/france-empires.com\/index.php\/wp-json\/wp\/v2\/product_tag?post=4117"}],"curies":[{"name":"wp","href":"https:\/\/api.w.org\/{rel}","templated":true}]}}