{"id":4137,"date":"2023-06-18T19:00:15","date_gmt":"2023-06-18T17:00:15","guid":{"rendered":"https:\/\/france-empires.com\/?post_type=product&#038;p=4137"},"modified":"2023-06-16T00:04:51","modified_gmt":"2023-06-15T22:04:51","slug":"casque-pointe-badois-modele-1915-spikehelmet-baden-pickelhaube","status":"publish","type":"product","link":"https:\/\/france-empires.com\/index.php\/produit\/casque-pointe-badois-modele-1915-spikehelmet-baden-pickelhaube\/","title":{"rendered":"Casque pointe Badois mod\u00e8le 1915, Spikehelmet Baden, Pickelhaube"},"content":{"rendered":"<p>Casque en TBE<\/p>\n<p>Garnitures OK<\/p>\n<p>Cocardes copies.<\/p>\n<p>Marquages 3 et nom du soldat<\/p>\n<p>Belle coiffure bien en forme, cuir ni d\u00e9form\u00e9 ni reperc\u00e9, int\u00e9rieur souple.<\/p>\n<p>Plaque oxyd\u00e9e sur l&rsquo;arri\u00e8re<\/p>\n","protected":false},"excerpt":{"rendered":"<p>Casque en TBE Garnitures OK Cocardes copies. Marquages 3 et nom du soldat Belle coiffure bien en forme, cuir ni d\u00e9form\u00e9 ni reperc\u00e9, int\u00e9rieur souple. Plaque oxyd\u00e9e sur l&rsquo;arri\u00e8re<\/p>\n","protected":false},"featured_media":4139,"template":"","meta":[],"product_brand":[],"product_cat":[45,24],"product_tag":[],"class_list":{"0":"post-4137","1":"product","2":"type-product","3":"status-publish","4":"has-post-thumbnail","6":"product_cat-coiffures-casques-kepis-shakos-etc","7":"product_cat-uniformes-et-coiffures","8":"pa_statut-disponible","10":"first","11":"instock","12":"purchasable","13":"product-type-simple"},"_links":{"self":[{"href":"https:\/\/france-empires.com\/index.php\/wp-json\/wp\/v2\/product\/4137","targetHints":{"allow":["GET"]}}],"collection":[{"href":"https:\/\/france-empires.com\/index.php\/wp-json\/wp\/v2\/product"}],"about":[{"href":"https:\/\/france-empires.com\/index.php\/wp-json\/wp\/v2\/types\/product"}],"wp:featuredmedia":[{"embeddable":true,"href":"https:\/\/france-empires.com\/index.php\/wp-json\/wp\/v2\/media\/4139"}],"wp:attachment":[{"href":"https:\/\/france-empires.com\/index.php\/wp-json\/wp\/v2\/media?parent=4137"}],"wp:term":[{"taxonomy":"product_brand","embeddable":true,"href":"https:\/\/france-empires.com\/index.php\/wp-json\/wp\/v2\/product_brand?post=4137"},{"taxonomy":"product_cat","embeddable":true,"href":"https:\/\/france-empires.com\/index.php\/wp-json\/wp\/v2\/product_cat?post=4137"},{"taxonomy":"product_tag","embeddable":true,"href":"https:\/\/france-empires.com\/index.php\/wp-json\/wp\/v2\/product_tag?post=4137"}],"curies":[{"name":"wp","href":"https:\/\/api.w.org\/{rel}","templated":true}]}}