{"id":4182,"date":"2023-06-24T19:00:27","date_gmt":"2023-06-24T17:00:27","guid":{"rendered":"https:\/\/france-empires.com\/?post_type=product&#038;p=4182"},"modified":"2023-12-23T11:58:19","modified_gmt":"2023-12-23T10:58:19","slug":"giberne-modele-1812-aux-lys","status":"publish","type":"product","link":"https:\/\/france-empires.com\/index.php\/produit\/giberne-modele-1812-aux-lys\/","title":{"rendered":"Giberne mod\u00e8le 1812 aux lys"},"content":{"rendered":"<p><b class=\"coloradmin\">Giberne<\/b>\u00a0du mod\u00e8le 1812 d&rsquo;un grenadier d&rsquo;infanterie de Louis XVIII.<br \/>\nL&rsquo;ensemble est dat\u00e9 1818 avec marquages au fer \u00e0 plusieurs endroits.<br \/>\nLa pi\u00e8ce est en tr\u00e8s bel \u00e9tat.<\/p>\n<p>Avec quelques petits d\u00e9fauts visibles sur les photos.<\/p>\n<p>Tr\u00e8s belle et rare giberne !<\/p>\n","protected":false},"excerpt":{"rendered":"<p>Giberne\u00a0du mod\u00e8le 1812 d&rsquo;un grenadier d&rsquo;infanterie de Louis XVIII. L&rsquo;ensemble est dat\u00e9 1818 avec marquages au fer \u00e0 plusieurs endroits. La pi\u00e8ce est en tr\u00e8s bel \u00e9tat. Avec quelques petits d\u00e9fauts visibles sur les photos. Tr\u00e8s belle et rare giberne !<\/p>\n","protected":false},"featured_media":4189,"template":"","meta":[],"product_brand":[],"product_cat":[76,84,25,51],"product_tag":[],"class_list":{"0":"post-4182","1":"product","2":"type-product","3":"status-publish","4":"has-post-thumbnail","6":"product_cat-armes-anciennes","7":"product_cat-baionnettes","8":"product_cat-equipements","9":"product_cat-equipements-du-soldat-pour-le-combat-ceinturons-cartouchieres-sac-a-dos-etc","10":"pa_statut-disponible","12":"first","13":"outofstock","14":"product-type-simple"},"_links":{"self":[{"href":"https:\/\/france-empires.com\/index.php\/wp-json\/wp\/v2\/product\/4182","targetHints":{"allow":["GET"]}}],"collection":[{"href":"https:\/\/france-empires.com\/index.php\/wp-json\/wp\/v2\/product"}],"about":[{"href":"https:\/\/france-empires.com\/index.php\/wp-json\/wp\/v2\/types\/product"}],"wp:featuredmedia":[{"embeddable":true,"href":"https:\/\/france-empires.com\/index.php\/wp-json\/wp\/v2\/media\/4189"}],"wp:attachment":[{"href":"https:\/\/france-empires.com\/index.php\/wp-json\/wp\/v2\/media?parent=4182"}],"wp:term":[{"taxonomy":"product_brand","embeddable":true,"href":"https:\/\/france-empires.com\/index.php\/wp-json\/wp\/v2\/product_brand?post=4182"},{"taxonomy":"product_cat","embeddable":true,"href":"https:\/\/france-empires.com\/index.php\/wp-json\/wp\/v2\/product_cat?post=4182"},{"taxonomy":"product_tag","embeddable":true,"href":"https:\/\/france-empires.com\/index.php\/wp-json\/wp\/v2\/product_tag?post=4182"}],"curies":[{"name":"wp","href":"https:\/\/api.w.org\/{rel}","templated":true}]}}