{"id":4206,"date":"2023-06-25T19:00:09","date_gmt":"2023-06-25T17:00:09","guid":{"rendered":"https:\/\/france-empires.com\/?post_type=product&#038;p=4206"},"modified":"2024-11-05T22:25:54","modified_gmt":"2024-11-05T21:25:54","slug":"chapeau-de-marin-bande-lintrepide","status":"publish","type":"product","link":"https:\/\/france-empires.com\/index.php\/produit\/chapeau-de-marin-bande-lintrepide\/","title":{"rendered":"Chapeau de marin \/ bande \u00ab\u00a0L&rsquo;Intr\u00e9pide\u00a0\u00bb"},"content":{"rendered":"<p>Chapeau de petite taille pour poup\u00e9e \/ jouet. Diam\u00e8tre 23 cm.<\/p>\n<p>Fabriqu\u00e9 de mani\u00e8re tr\u00e8s r\u00e9aliste vers la dernier quart du 19e si\u00e8cle.<\/p>\n<p>Rare !<\/p>\n","protected":false},"excerpt":{"rendered":"<p>Chapeau de petite taille pour poup\u00e9e \/ jouet. Diam\u00e8tre 23 cm. Fabriqu\u00e9 de mani\u00e8re tr\u00e8s r\u00e9aliste vers la dernier quart du 19e si\u00e8cle. Rare !<\/p>\n","protected":false},"featured_media":4209,"template":"","meta":[],"product_brand":[],"product_cat":[28,45,24],"product_tag":[],"class_list":{"0":"post-4206","1":"product","2":"type-product","3":"status-publish","4":"has-post-thumbnail","6":"product_cat-antiquites-et-autres-collections","7":"product_cat-coiffures-casques-kepis-shakos-etc","8":"product_cat-uniformes-et-coiffures","9":"pa_statut-disponible","11":"first","12":"instock","13":"product-type-simple"},"_links":{"self":[{"href":"https:\/\/france-empires.com\/index.php\/wp-json\/wp\/v2\/product\/4206","targetHints":{"allow":["GET"]}}],"collection":[{"href":"https:\/\/france-empires.com\/index.php\/wp-json\/wp\/v2\/product"}],"about":[{"href":"https:\/\/france-empires.com\/index.php\/wp-json\/wp\/v2\/types\/product"}],"wp:featuredmedia":[{"embeddable":true,"href":"https:\/\/france-empires.com\/index.php\/wp-json\/wp\/v2\/media\/4209"}],"wp:attachment":[{"href":"https:\/\/france-empires.com\/index.php\/wp-json\/wp\/v2\/media?parent=4206"}],"wp:term":[{"taxonomy":"product_brand","embeddable":true,"href":"https:\/\/france-empires.com\/index.php\/wp-json\/wp\/v2\/product_brand?post=4206"},{"taxonomy":"product_cat","embeddable":true,"href":"https:\/\/france-empires.com\/index.php\/wp-json\/wp\/v2\/product_cat?post=4206"},{"taxonomy":"product_tag","embeddable":true,"href":"https:\/\/france-empires.com\/index.php\/wp-json\/wp\/v2\/product_tag?post=4206"}],"curies":[{"name":"wp","href":"https:\/\/api.w.org\/{rel}","templated":true}]}}