{"id":4242,"date":"2023-06-25T18:54:25","date_gmt":"2023-06-25T16:54:25","guid":{"rendered":"https:\/\/france-empires.com\/?post_type=product&#038;p=4242"},"modified":"2023-12-23T11:59:03","modified_gmt":"2023-12-23T10:59:03","slug":"casque-pointe-dragon-wurtemberg-spikehelmet-pickehaube","status":"publish","type":"product","link":"https:\/\/france-empires.com\/index.php\/produit\/casque-pointe-dragon-wurtemberg-spikehelmet-pickehaube\/","title":{"rendered":"Casque pointe dragon Wurtemberg \/ Spikehelmet \/ Pickehaube"},"content":{"rendered":"<p>Casque a point de dragon du Wurtemberg.<\/p>\n<p>La coiffe int\u00e9rieure est ab\u00eem\u00e9e, bonne pr\u00e9sentation ext\u00e9rieure.<\/p>\n<p>Jugulaires \u00e9cailles, bonnes cocardes.<\/p>\n<p>Petite taille.<\/p>\n<p>Des mentions manuscrites sur la nuquiere dont une date \u00ab\u00a01904\u00a0\u00bb<\/p>\n","protected":false},"excerpt":{"rendered":"<p>Casque a point de dragon du Wurtemberg. La coiffe int\u00e9rieure est ab\u00eem\u00e9e, bonne pr\u00e9sentation ext\u00e9rieure. Jugulaires \u00e9cailles, bonnes cocardes. Petite taille. Des mentions manuscrites sur la nuquiere dont une date \u00ab\u00a01904\u00a0\u00bb<\/p>\n","protected":false},"featured_media":4258,"template":"","meta":[],"product_brand":[],"product_cat":[28,45,24],"product_tag":[],"class_list":{"0":"post-4242","1":"product","2":"type-product","3":"status-publish","4":"has-post-thumbnail","6":"product_cat-antiquites-et-autres-collections","7":"product_cat-coiffures-casques-kepis-shakos-etc","8":"product_cat-uniformes-et-coiffures","9":"pa_statut-disponible","11":"first","12":"outofstock","13":"product-type-simple"},"_links":{"self":[{"href":"https:\/\/france-empires.com\/index.php\/wp-json\/wp\/v2\/product\/4242","targetHints":{"allow":["GET"]}}],"collection":[{"href":"https:\/\/france-empires.com\/index.php\/wp-json\/wp\/v2\/product"}],"about":[{"href":"https:\/\/france-empires.com\/index.php\/wp-json\/wp\/v2\/types\/product"}],"wp:featuredmedia":[{"embeddable":true,"href":"https:\/\/france-empires.com\/index.php\/wp-json\/wp\/v2\/media\/4258"}],"wp:attachment":[{"href":"https:\/\/france-empires.com\/index.php\/wp-json\/wp\/v2\/media?parent=4242"}],"wp:term":[{"taxonomy":"product_brand","embeddable":true,"href":"https:\/\/france-empires.com\/index.php\/wp-json\/wp\/v2\/product_brand?post=4242"},{"taxonomy":"product_cat","embeddable":true,"href":"https:\/\/france-empires.com\/index.php\/wp-json\/wp\/v2\/product_cat?post=4242"},{"taxonomy":"product_tag","embeddable":true,"href":"https:\/\/france-empires.com\/index.php\/wp-json\/wp\/v2\/product_tag?post=4242"}],"curies":[{"name":"wp","href":"https:\/\/api.w.org\/{rel}","templated":true}]}}