{"id":4293,"date":"2023-06-25T20:56:16","date_gmt":"2023-06-25T18:56:16","guid":{"rendered":"https:\/\/france-empires.com\/?post_type=product&#038;p=4293"},"modified":"2024-04-30T15:14:42","modified_gmt":"2024-04-30T13:14:42","slug":"dragonne-dofficier-subalterne","status":"publish","type":"product","link":"https:\/\/france-empires.com\/index.php\/produit\/dragonne-dofficier-subalterne\/","title":{"rendered":"Dragonne d&rsquo;officier subalterne"},"content":{"rendered":"<p>Dragonne de sabre \/ \u00e9p\u00e9e en cordon noir et fil d&rsquo;or.<\/p>\n<p>En parfait \u00e9tat, absolument neuve, avec sa boite d&rsquo;origine<\/p>\n","protected":false},"excerpt":{"rendered":"<p>Dragonne de sabre \/ \u00e9p\u00e9e en cordon noir et fil d&rsquo;or. En parfait \u00e9tat, absolument neuve, avec sa boite d&rsquo;origine<\/p>\n","protected":false},"featured_media":4300,"template":"","meta":[],"product_brand":[],"product_cat":[83,76,53,25,51],"product_tag":[],"class_list":{"0":"post-4293","1":"product","2":"type-product","3":"status-publish","4":"has-post-thumbnail","6":"product_cat-accessoires-darmes","7":"product_cat-armes-anciennes","8":"product_cat-autres-equipements-individuels-et-collectifs","9":"product_cat-equipements","10":"product_cat-equipements-du-soldat-pour-le-combat-ceinturons-cartouchieres-sac-a-dos-etc","11":"pa_statut-vendu","13":"first","14":"outofstock","15":"product-type-simple"},"_links":{"self":[{"href":"https:\/\/france-empires.com\/index.php\/wp-json\/wp\/v2\/product\/4293","targetHints":{"allow":["GET"]}}],"collection":[{"href":"https:\/\/france-empires.com\/index.php\/wp-json\/wp\/v2\/product"}],"about":[{"href":"https:\/\/france-empires.com\/index.php\/wp-json\/wp\/v2\/types\/product"}],"wp:featuredmedia":[{"embeddable":true,"href":"https:\/\/france-empires.com\/index.php\/wp-json\/wp\/v2\/media\/4300"}],"wp:attachment":[{"href":"https:\/\/france-empires.com\/index.php\/wp-json\/wp\/v2\/media?parent=4293"}],"wp:term":[{"taxonomy":"product_brand","embeddable":true,"href":"https:\/\/france-empires.com\/index.php\/wp-json\/wp\/v2\/product_brand?post=4293"},{"taxonomy":"product_cat","embeddable":true,"href":"https:\/\/france-empires.com\/index.php\/wp-json\/wp\/v2\/product_cat?post=4293"},{"taxonomy":"product_tag","embeddable":true,"href":"https:\/\/france-empires.com\/index.php\/wp-json\/wp\/v2\/product_tag?post=4293"}],"curies":[{"name":"wp","href":"https:\/\/api.w.org\/{rel}","templated":true}]}}