{"id":4302,"date":"2023-06-25T21:19:44","date_gmt":"2023-06-25T19:19:44","guid":{"rendered":"https:\/\/france-empires.com\/?post_type=product&#038;p=4302"},"modified":"2023-12-23T11:59:17","modified_gmt":"2023-12-23T10:59:17","slug":"lot-de-8-petits-shakos-restauration-monarchie-de-juillet","status":"publish","type":"product","link":"https:\/\/france-empires.com\/index.php\/produit\/lot-de-8-petits-shakos-restauration-monarchie-de-juillet\/","title":{"rendered":"Lot de 8 petits shakos (Restauration \/ Monarchie de Juillet"},"content":{"rendered":"<p>Shakos dans le gout de ceux de Sandre, de belle qualit\u00e9 !<\/p>\n<p>Fabrication ancienne mais difficile a dater.<\/p>\n<p>La plupart repr\u00e9sentant des shakos d&rsquo;\u00e9poque Restauration et un Monarchie de Juillet.<\/p>\n<p>Beaux d\u00e9tails: plaque, jugulaires, pompon&#8230;<\/p>\n<p>Chacun d&rsquo;entre eux est identifi\u00e9 par une \u00e9tiquette<\/p>\n<p>Hauteur moyenne environ 7 cm.<\/p>\n<p>Vente au detail envisageable. Me contacter.<\/p>\n","protected":false},"excerpt":{"rendered":"<p>Shakos dans le gout de ceux de Sandre, de belle qualit\u00e9 ! Fabrication ancienne mais difficile a dater. La plupart repr\u00e9sentant des shakos d&rsquo;\u00e9poque Restauration et un Monarchie de Juillet. Beaux d\u00e9tails: plaque, jugulaires, pompon&#8230; Chacun d&rsquo;entre eux est identifi\u00e9 par une \u00e9tiquette Hauteur moyenne environ 7 cm. Vente au detail&hellip;<\/p>\n","protected":false},"featured_media":4307,"template":"","meta":[],"product_brand":[],"product_cat":[28,45,24],"product_tag":[],"class_list":{"0":"post-4302","1":"product","2":"type-product","3":"status-publish","4":"has-post-thumbnail","6":"product_cat-antiquites-et-autres-collections","7":"product_cat-coiffures-casques-kepis-shakos-etc","8":"product_cat-uniformes-et-coiffures","9":"pa_statut-vendu","11":"first","12":"outofstock","13":"product-type-simple"},"_links":{"self":[{"href":"https:\/\/france-empires.com\/index.php\/wp-json\/wp\/v2\/product\/4302","targetHints":{"allow":["GET"]}}],"collection":[{"href":"https:\/\/france-empires.com\/index.php\/wp-json\/wp\/v2\/product"}],"about":[{"href":"https:\/\/france-empires.com\/index.php\/wp-json\/wp\/v2\/types\/product"}],"wp:featuredmedia":[{"embeddable":true,"href":"https:\/\/france-empires.com\/index.php\/wp-json\/wp\/v2\/media\/4307"}],"wp:attachment":[{"href":"https:\/\/france-empires.com\/index.php\/wp-json\/wp\/v2\/media?parent=4302"}],"wp:term":[{"taxonomy":"product_brand","embeddable":true,"href":"https:\/\/france-empires.com\/index.php\/wp-json\/wp\/v2\/product_brand?post=4302"},{"taxonomy":"product_cat","embeddable":true,"href":"https:\/\/france-empires.com\/index.php\/wp-json\/wp\/v2\/product_cat?post=4302"},{"taxonomy":"product_tag","embeddable":true,"href":"https:\/\/france-empires.com\/index.php\/wp-json\/wp\/v2\/product_tag?post=4302"}],"curies":[{"name":"wp","href":"https:\/\/api.w.org\/{rel}","templated":true}]}}