{"id":4316,"date":"2023-07-02T19:00:16","date_gmt":"2023-07-02T17:00:16","guid":{"rendered":"https:\/\/france-empires.com\/?post_type=product&#038;p=4316"},"modified":"2023-12-23T12:00:11","modified_gmt":"2023-12-23T11:00:11","slug":"bossettes-de-mors-garde-du-corps-du-roi-et-mousquetaire","status":"publish","type":"product","link":"https:\/\/france-empires.com\/index.php\/produit\/bossettes-de-mors-garde-du-corps-du-roi-et-mousquetaire\/","title":{"rendered":"Bossettes de mors, Garde du Corps du Roi et Mousquetaire"},"content":{"rendered":"<p>Grosses bossettes de Garde du Corps du Roi et de mousquetaire.<\/p>\n<p>Du type utilis\u00e9 pour les mors d&rsquo;attelage.<\/p>\n<p>Ces bossettes sont de tr\u00e8s belle fabrication.<\/p>\n<p>N&rsquo;ayant pas de r\u00e9f\u00e9rence, nous les vendons comme copies.<\/p>\n","protected":false},"excerpt":{"rendered":"<p>Grosses bossettes de Garde du Corps du Roi et de mousquetaire. Du type utilis\u00e9 pour les mors d&rsquo;attelage. Ces bossettes sont de tr\u00e8s belle fabrication. N&rsquo;ayant pas de r\u00e9f\u00e9rence, nous les vendons comme copies.<\/p>\n","protected":false},"featured_media":4317,"template":"","meta":[],"product_brand":[],"product_cat":[28,17],"product_tag":[],"class_list":{"0":"post-4316","1":"product","2":"type-product","3":"status-publish","4":"has-post-thumbnail","6":"product_cat-antiquites-et-autres-collections","7":"product_cat-non-classe","8":"pa_statut-vendu","10":"first","11":"outofstock","12":"product-type-simple"},"_links":{"self":[{"href":"https:\/\/france-empires.com\/index.php\/wp-json\/wp\/v2\/product\/4316","targetHints":{"allow":["GET"]}}],"collection":[{"href":"https:\/\/france-empires.com\/index.php\/wp-json\/wp\/v2\/product"}],"about":[{"href":"https:\/\/france-empires.com\/index.php\/wp-json\/wp\/v2\/types\/product"}],"wp:featuredmedia":[{"embeddable":true,"href":"https:\/\/france-empires.com\/index.php\/wp-json\/wp\/v2\/media\/4317"}],"wp:attachment":[{"href":"https:\/\/france-empires.com\/index.php\/wp-json\/wp\/v2\/media?parent=4316"}],"wp:term":[{"taxonomy":"product_brand","embeddable":true,"href":"https:\/\/france-empires.com\/index.php\/wp-json\/wp\/v2\/product_brand?post=4316"},{"taxonomy":"product_cat","embeddable":true,"href":"https:\/\/france-empires.com\/index.php\/wp-json\/wp\/v2\/product_cat?post=4316"},{"taxonomy":"product_tag","embeddable":true,"href":"https:\/\/france-empires.com\/index.php\/wp-json\/wp\/v2\/product_tag?post=4316"}],"curies":[{"name":"wp","href":"https:\/\/api.w.org\/{rel}","templated":true}]}}