{"id":4336,"date":"2023-07-02T19:00:13","date_gmt":"2023-07-02T17:00:13","guid":{"rendered":"https:\/\/france-empires.com\/?post_type=product&#038;p=4336"},"modified":"2023-12-23T11:59:54","modified_gmt":"2023-12-23T10:59:54","slug":"couteau-marine","status":"publish","type":"product","link":"https:\/\/france-empires.com\/index.php\/produit\/couteau-marine\/","title":{"rendered":"Couteau Marine"},"content":{"rendered":"<p>Couteau de marine allemand<\/p>\n<p>Longueur totale 29 cm<\/p>\n<p>Lame grav\u00e9e genre damas.<\/p>\n<p>Marquage de fabricant Solingen<\/p>\n<p>Garnitures en m\u00e9tal blanc us\u00e9es: garde avec ancres et pommeau en forme d&rsquo;aigle<\/p>\n<p>Fus\u00e9e en corne (?) blanche et filigrane de m\u00e9tal.<\/p>\n<p>Fourreau en cuir grenel\u00e9 gris (manquent les deux pattes de fermeture)<\/p>\n","protected":false},"excerpt":{"rendered":"<p>Couteau de marine allemand Longueur totale 29 cm Lame grav\u00e9e genre damas. Marquage de fabricant Solingen Garnitures en m\u00e9tal blanc us\u00e9es: garde avec ancres et pommeau en forme d&rsquo;aigle Fus\u00e9e en corne (?) blanche et filigrane de m\u00e9tal. Fourreau en cuir grenel\u00e9 gris (manquent les deux pattes de fermeture)<\/p>\n","protected":false},"featured_media":4343,"template":"","meta":[],"product_brand":[],"product_cat":[76,81],"product_tag":[],"class_list":{"0":"post-4336","1":"product","2":"type-product","3":"status-publish","4":"has-post-thumbnail","6":"product_cat-armes-anciennes","7":"product_cat-dagues-poignards","8":"pa_statut-vendu","10":"first","11":"outofstock","12":"product-type-simple"},"_links":{"self":[{"href":"https:\/\/france-empires.com\/index.php\/wp-json\/wp\/v2\/product\/4336","targetHints":{"allow":["GET"]}}],"collection":[{"href":"https:\/\/france-empires.com\/index.php\/wp-json\/wp\/v2\/product"}],"about":[{"href":"https:\/\/france-empires.com\/index.php\/wp-json\/wp\/v2\/types\/product"}],"wp:featuredmedia":[{"embeddable":true,"href":"https:\/\/france-empires.com\/index.php\/wp-json\/wp\/v2\/media\/4343"}],"wp:attachment":[{"href":"https:\/\/france-empires.com\/index.php\/wp-json\/wp\/v2\/media?parent=4336"}],"wp:term":[{"taxonomy":"product_brand","embeddable":true,"href":"https:\/\/france-empires.com\/index.php\/wp-json\/wp\/v2\/product_brand?post=4336"},{"taxonomy":"product_cat","embeddable":true,"href":"https:\/\/france-empires.com\/index.php\/wp-json\/wp\/v2\/product_cat?post=4336"},{"taxonomy":"product_tag","embeddable":true,"href":"https:\/\/france-empires.com\/index.php\/wp-json\/wp\/v2\/product_tag?post=4336"}],"curies":[{"name":"wp","href":"https:\/\/api.w.org\/{rel}","templated":true}]}}