{"id":4366,"date":"2023-07-02T19:00:45","date_gmt":"2023-07-02T17:00:45","guid":{"rendered":"https:\/\/france-empires.com\/?post_type=product&#038;p=4366"},"modified":"2023-06-27T16:13:46","modified_gmt":"2023-06-27T14:13:46","slug":"legislation-militaire-berriat-1812","status":"publish","type":"product","link":"https:\/\/france-empires.com\/index.php\/produit\/legislation-militaire-berriat-1812\/","title":{"rendered":"L\u00e9gislation militaire, Berriat 1812"},"content":{"rendered":"<p>L\u00e9gislation militaire<\/p>\n<p>\u00ab\u00a0Recueil m\u00e9thodique et raisonn\u00e9 des lois, d\u00e9crets, arr\u00eat\u00e9s, r\u00e8glements et instructions \u00a0actuellement en vigueur sur toutes les branches de l\u2019\u00e9tat militaire.\u00a0\u00bb<\/p>\n<p>Belle s\u00e9rie homog\u00e8ne de cette publication par H. Berriat, sous inspecteur aux revues de la Garde.<\/p>\n<p>Belles reliures.<\/p>\n<p>Imprim\u00e9s en 1812 a Alexandrie chez Louis Capriolo<\/p>\n<p>&nbsp;<\/p>\n<p>Source fondamentale pour la connaissance d\u00e9taill\u00e9e de la l\u00e9gislation militaire sous l&rsquo;Empire et sur les premi\u00e8res ann\u00e9es de la Restauration. Hugues Berriat, beau-fr\u00e8re de Jacques-Joseph Champollion, est sous-intendant militaire, maire de Grenoble. [&#8230;] Apr\u00e8s avoir \u00e9tudi\u00e9 le droit \u00e0 l&rsquo;\u00e9cole centrale de l&rsquo;Is\u00e8re, il entra en 1804 dans l&rsquo;administration militaire, o\u00f9 il servit longtemps avec la plus grande distinction. L&rsquo;ouvrage renferme de nombreux et pr\u00e9cieux d\u00e9tails sur les uniformes.<\/p>\n<p>&nbsp;<\/p>\n","protected":false},"excerpt":{"rendered":"<p>L\u00e9gislation militaire \u00ab\u00a0Recueil m\u00e9thodique et raisonn\u00e9 des lois, d\u00e9crets, arr\u00eat\u00e9s, r\u00e8glements et instructions \u00a0actuellement en vigueur sur toutes les branches de l\u2019\u00e9tat militaire.\u00a0\u00bb Belle s\u00e9rie homog\u00e8ne de cette publication par H. Berriat, sous inspecteur aux revues de la Garde. Belles reliures. Imprim\u00e9s en 1812 a Alexandrie chez Louis Capriolo &nbsp; Source&hellip;<\/p>\n","protected":false},"featured_media":4370,"template":"","meta":[],"product_brand":[],"product_cat":[28,26],"product_tag":[],"class_list":{"0":"post-4366","1":"product","2":"type-product","3":"status-publish","4":"has-post-thumbnail","6":"product_cat-antiquites-et-autres-collections","7":"product_cat-librairie-documents-et-photos","8":"pa_statut-vendu","10":"first","11":"instock","12":"purchasable","13":"product-type-simple"},"_links":{"self":[{"href":"https:\/\/france-empires.com\/index.php\/wp-json\/wp\/v2\/product\/4366","targetHints":{"allow":["GET"]}}],"collection":[{"href":"https:\/\/france-empires.com\/index.php\/wp-json\/wp\/v2\/product"}],"about":[{"href":"https:\/\/france-empires.com\/index.php\/wp-json\/wp\/v2\/types\/product"}],"wp:featuredmedia":[{"embeddable":true,"href":"https:\/\/france-empires.com\/index.php\/wp-json\/wp\/v2\/media\/4370"}],"wp:attachment":[{"href":"https:\/\/france-empires.com\/index.php\/wp-json\/wp\/v2\/media?parent=4366"}],"wp:term":[{"taxonomy":"product_brand","embeddable":true,"href":"https:\/\/france-empires.com\/index.php\/wp-json\/wp\/v2\/product_brand?post=4366"},{"taxonomy":"product_cat","embeddable":true,"href":"https:\/\/france-empires.com\/index.php\/wp-json\/wp\/v2\/product_cat?post=4366"},{"taxonomy":"product_tag","embeddable":true,"href":"https:\/\/france-empires.com\/index.php\/wp-json\/wp\/v2\/product_tag?post=4366"}],"curies":[{"name":"wp","href":"https:\/\/api.w.org\/{rel}","templated":true}]}}